{"id":577,"date":"2024-07-04T22:20:34","date_gmt":"2024-07-04T22:20:34","guid":{"rendered":"https:\/\/lacienciadetusojos.com\/?page_id=577"},"modified":"2024-07-20T02:03:13","modified_gmt":"2024-07-20T02:03:13","slug":"quienes-somos-2","status":"publish","type":"page","link":"https:\/\/lacienciadetusojos.com\/index.php\/quienes-somos-2\/","title":{"rendered":"\u00bfQui\u00e9nes somos?"},"content":{"rendered":"\t\t<div data-elementor-type=\"wp-page\" data-elementor-id=\"577\" class=\"elementor elementor-577\" data-elementor-post-type=\"page\">\n\t\t\t\t<div class=\"elementor-element elementor-element-65e371f e-flex e-con-boxed e-con e-parent\" data-id=\"65e371f\" data-element_type=\"container\" data-e-type=\"container\" data-settings=\"{&quot;background_background&quot;:&quot;video&quot;}\">\n\t\t\t\t\t<div class=\"e-con-inner\">\n\t\t<div class=\"elementor-element elementor-element-6045113 e-grid e-con-full e-con e-child\" data-id=\"6045113\" data-element_type=\"container\" data-e-type=\"container\" data-settings=\"{&quot;background_background&quot;:&quot;video&quot;,&quot;background_video_link&quot;:&quot;https:\\\/\\\/lacienciadetusojos.com\\\/wp-content\\\/uploads\\\/2024\\\/07\\\/Diseno-sin-titulo-2.mp4&quot;,&quot;background_play_on_mobile&quot;:&quot;yes&quot;}\">\n\t\t<div class=\"elementor-background-video-container\">\n\t\t\t\t\t\t\t<video class=\"elementor-background-video-hosted\" role=\"presentation\" autoplay muted playsinline loop><\/video>\n\t\t\t\t\t<\/div>\t\t<div class=\"elementor-element elementor-element-f61d288 elementor-widget elementor-widget-heading\" data-id=\"f61d288\" data-element_type=\"widget\" data-e-type=\"widget\" data-widget_type=\"heading.default\">\n\t\t\t\t<div class=\"elementor-widget-container\">\n\t\t\t\t\t<h2 class=\"elementor-heading-title elementor-size-default\">\u00bfQuienes<\/h2>\t\t\t\t<\/div>\n\t\t\t\t<\/div>\n\t\t\t\t<div class=\"elementor-element elementor-element-db6bf0e elementor-widget elementor-widget-heading\" data-id=\"db6bf0e\" data-element_type=\"widget\" data-e-type=\"widget\" data-widget_type=\"heading.default\">\n\t\t\t\t<div class=\"elementor-widget-container\">\n\t\t\t\t\t<h2 class=\"elementor-heading-title elementor-size-default\">somos?<\/h2>\t\t\t\t<\/div>\n\t\t\t\t<\/div>\n\t\t\t\t<\/div>\n\t\t\t\t\t<\/div>\n\t\t\t\t<\/div>\n\t\t<div class=\"elementor-element elementor-element-5ea4f28 e-grid e-con-boxed e-con e-parent\" data-id=\"5ea4f28\" data-element_type=\"container\" data-e-type=\"container\" data-settings=\"{&quot;background_background&quot;:&quot;classic&quot;}\">\n\t\t\t\t\t<div class=\"e-con-inner\">\n\t\t\t\t<div class=\"elementor-element elementor-element-f11b2bd elementor-widget elementor-widget-image\" data-id=\"f11b2bd\" data-element_type=\"widget\" data-e-type=\"widget\" data-widget_type=\"image.default\">\n\t\t\t\t<div class=\"elementor-widget-container\">\n\t\t\t\t\t\t\t\t\t\t\t\t\t\t\t<img fetchpriority=\"high\" decoding=\"async\" width=\"1068\" height=\"1071\" src=\"https:\/\/lacienciadetusojos.com\/wp-content\/uploads\/2024\/07\/Unknown.jpg\" class=\"attachment-full size-full wp-image-733\" alt=\"\" srcset=\"https:\/\/lacienciadetusojos.com\/wp-content\/uploads\/2024\/07\/Unknown.jpg 1068w, https:\/\/lacienciadetusojos.com\/wp-content\/uploads\/2024\/07\/Unknown-300x300.jpg 300w, https:\/\/lacienciadetusojos.com\/wp-content\/uploads\/2024\/07\/Unknown-1021x1024.jpg 1021w, https:\/\/lacienciadetusojos.com\/wp-content\/uploads\/2024\/07\/Unknown-150x150.jpg 150w, https:\/\/lacienciadetusojos.com\/wp-content\/uploads\/2024\/07\/Unknown-768x770.jpg 768w\" sizes=\"(max-width: 1068px) 100vw, 1068px\" \/>\t\t\t\t\t\t\t\t\t\t\t\t\t\t\t<\/div>\n\t\t\t\t<\/div>\n\t\t\t\t<div class=\"elementor-element elementor-element-0f108e0 elementor-widget elementor-widget-text-editor\" data-id=\"0f108e0\" data-element_type=\"widget\" data-e-type=\"widget\" data-widget_type=\"text-editor.default\">\n\t\t\t\t<div class=\"elementor-widget-container\">\n\t\t\t\t\t\t\t\t\t<p>Somos un equipo multidisciplinario compuesto por profesionales de la medicina, biolog\u00eda y qu\u00edmica, cuyo inter\u00e9s radica en la exhaustiva descripci\u00f3n de los mecanismos epigen\u00e9ticos y las barreras que obstaculizan la regeneraci\u00f3n retiniana en mam\u00edferos.<\/p>\t\t\t\t\t\t\t\t<\/div>\n\t\t\t\t<\/div>\n\t\t\t\t<div class=\"elementor-element elementor-element-b84a5e3 elementor-widget elementor-widget-text-editor\" data-id=\"b84a5e3\" data-element_type=\"widget\" data-e-type=\"widget\" data-widget_type=\"text-editor.default\">\n\t\t\t\t<div class=\"elementor-widget-container\">\n\t\t\t\t\t\t\t\t\t<p>Con especial atenci\u00f3n en el papel crucial que desempe\u00f1a la metilaci\u00f3n del ADN en la respuesta al da\u00f1o de las c\u00e9lulas de M\u00fcller.<\/p>\t\t\t\t\t\t\t\t<\/div>\n\t\t\t\t<\/div>\n\t\t\t\t<div class=\"elementor-element elementor-element-505f8e0 elementor-widget elementor-widget-image\" data-id=\"505f8e0\" data-element_type=\"widget\" data-e-type=\"widget\" data-widget_type=\"image.default\">\n\t\t\t\t<div class=\"elementor-widget-container\">\n\t\t\t\t\t\t\t\t\t\t\t\t\t\t\t<img decoding=\"async\" width=\"1600\" height=\"1200\" src=\"https:\/\/lacienciadetusojos.com\/wp-content\/uploads\/2024\/07\/l.jpg\" class=\"attachment-full size-full wp-image-738\" alt=\"\" srcset=\"https:\/\/lacienciadetusojos.com\/wp-content\/uploads\/2024\/07\/l.jpg 1600w, https:\/\/lacienciadetusojos.com\/wp-content\/uploads\/2024\/07\/l-300x225.jpg 300w, https:\/\/lacienciadetusojos.com\/wp-content\/uploads\/2024\/07\/l-1024x768.jpg 1024w, https:\/\/lacienciadetusojos.com\/wp-content\/uploads\/2024\/07\/l-768x576.jpg 768w, https:\/\/lacienciadetusojos.com\/wp-content\/uploads\/2024\/07\/l-1536x1152.jpg 1536w\" sizes=\"(max-width: 1600px) 100vw, 1600px\" \/>\t\t\t\t\t\t\t\t\t\t\t\t\t\t\t<\/div>\n\t\t\t\t<\/div>\n\t\t\t\t<div class=\"elementor-element elementor-element-d665ea4 elementor-widget elementor-widget-image\" data-id=\"d665ea4\" data-element_type=\"widget\" data-e-type=\"widget\" data-widget_type=\"image.default\">\n\t\t\t\t<div class=\"elementor-widget-container\">\n\t\t\t\t\t\t\t\t\t\t\t\t\t\t\t<img decoding=\"async\" width=\"768\" height=\"1024\" src=\"https:\/\/lacienciadetusojos.com\/wp-content\/uploads\/2024\/07\/da258613-78c6-4981-9bd8-3744d9b19dca-768x1024.jpeg\" class=\"attachment-large size-large wp-image-739\" alt=\"\" srcset=\"https:\/\/lacienciadetusojos.com\/wp-content\/uploads\/2024\/07\/da258613-78c6-4981-9bd8-3744d9b19dca-768x1024.jpeg 768w, https:\/\/lacienciadetusojos.com\/wp-content\/uploads\/2024\/07\/da258613-78c6-4981-9bd8-3744d9b19dca-225x300.jpeg 225w, https:\/\/lacienciadetusojos.com\/wp-content\/uploads\/2024\/07\/da258613-78c6-4981-9bd8-3744d9b19dca-1152x1536.jpeg 1152w, https:\/\/lacienciadetusojos.com\/wp-content\/uploads\/2024\/07\/da258613-78c6-4981-9bd8-3744d9b19dca.jpeg 1200w\" sizes=\"(max-width: 768px) 100vw, 768px\" \/>\t\t\t\t\t\t\t\t\t\t\t\t\t\t\t<\/div>\n\t\t\t\t<\/div>\n\t\t\t\t<div class=\"elementor-element elementor-element-1f97b7e elementor-widget elementor-widget-text-editor\" data-id=\"1f97b7e\" data-element_type=\"widget\" data-e-type=\"widget\" data-widget_type=\"text-editor.default\">\n\t\t\t\t<div class=\"elementor-widget-container\">\n\t\t\t\t\t\t\t\t\t<p>La elucidaci\u00f3n de estos intrincados mecanismos, as\u00ed como la identificaci\u00f3n de sus barreras, podr\u00eda representar un avance significativo en la identificaci\u00f3n de biomarcadores patol\u00f3gicos presentes en las l\u00e1grimas, proporcionando una comprensi\u00f3n m\u00e1s profunda de las enfermedades retinianas y abriendo nuevas v\u00edas hacia posibles intervenciones terap\u00e9uticas.<\/p>\t\t\t\t\t\t\t\t<\/div>\n\t\t\t\t<\/div>\n\t\t\t\t\t<\/div>\n\t\t\t\t<\/div>\n\t\t\t\t<\/div>\n\t\t","protected":false},"excerpt":{"rendered":"<p>\u00bfQuienes somos? Somos un equipo multidisciplinario compuesto por profesionales de la medicina, biolog\u00eda y qu\u00edmica, cuyo inter\u00e9s radica en la exhaustiva descripci\u00f3n de los mecanismos epigen\u00e9ticos y las barreras que obstaculizan la regeneraci\u00f3n retiniana en mam\u00edferos. Con especial atenci\u00f3n en el papel crucial que desempe\u00f1a la metilaci\u00f3n del ADN en la respuesta al da\u00f1o de [&hellip;]<\/p>\n","protected":false},"author":1,"featured_media":0,"parent":0,"menu_order":0,"comment_status":"closed","ping_status":"closed","template":"","meta":{"_monsterinsights_skip_tracking":false,"_monsterinsights_sitenote_active":false,"_monsterinsights_sitenote_note":"","_monsterinsights_sitenote_category":0,"footnotes":""},"class_list":["post-577","page","type-page","status-publish","hentry"],"yoast_head":"<!-- This site is optimized with the Yoast SEO plugin v27.5 - https:\/\/yoast.com\/product\/yoast-seo-wordpress\/ -->\n<title>\u00bfQui\u00e9nes somos? - La ciencia de tus ojos<\/title>\n<meta name=\"robots\" content=\"index, follow, max-snippet:-1, max-image-preview:large, max-video-preview:-1\" \/>\n<link rel=\"canonical\" href=\"https:\/\/lacienciadetusojos.com\/index.php\/quienes-somos-2\/\" \/>\n<meta property=\"og:locale\" content=\"es_MX\" \/>\n<meta property=\"og:type\" content=\"article\" \/>\n<meta property=\"og:title\" content=\"\u00bfQui\u00e9nes somos? - La ciencia de tus ojos\" \/>\n<meta property=\"og:description\" content=\"\u00bfQuienes somos? Somos un equipo multidisciplinario compuesto por profesionales de la medicina, biolog\u00eda y qu\u00edmica, cuyo inter\u00e9s radica en la exhaustiva descripci\u00f3n de los mecanismos epigen\u00e9ticos y las barreras que obstaculizan la regeneraci\u00f3n retiniana en mam\u00edferos. Con especial atenci\u00f3n en el papel crucial que desempe\u00f1a la metilaci\u00f3n del ADN en la respuesta al da\u00f1o de [&hellip;]\" \/>\n<meta property=\"og:url\" content=\"https:\/\/lacienciadetusojos.com\/index.php\/quienes-somos-2\/\" \/>\n<meta property=\"og:site_name\" content=\"La ciencia de tus ojos\" \/>\n<meta property=\"article:publisher\" content=\"https:\/\/www.facebook.com\/profile.php?id=61556950348192&amp;locale=es_LA\" \/>\n<meta property=\"article:modified_time\" content=\"2024-07-20T02:03:13+00:00\" \/>\n<meta property=\"og:image\" content=\"https:\/\/lacienciadetusojos.com\/wp-content\/uploads\/2024\/07\/Unknown.jpg\" \/>\n<meta name=\"twitter:card\" content=\"summary_large_image\" \/>\n<meta name=\"twitter:label1\" content=\"Tiempo de lectura\" \/>\n\t<meta name=\"twitter:data1\" content=\"2 minutos\" \/>\n<script type=\"application\/ld+json\" class=\"yoast-schema-graph\">{\"@context\":\"https:\\\/\\\/schema.org\",\"@graph\":[{\"@type\":\"WebPage\",\"@id\":\"https:\\\/\\\/lacienciadetusojos.com\\\/index.php\\\/quienes-somos-2\\\/\",\"url\":\"https:\\\/\\\/lacienciadetusojos.com\\\/index.php\\\/quienes-somos-2\\\/\",\"name\":\"\u00bfQui\u00e9nes somos? - La ciencia de tus ojos\",\"isPartOf\":{\"@id\":\"https:\\\/\\\/lacienciadetusojos.com\\\/#website\"},\"primaryImageOfPage\":{\"@id\":\"https:\\\/\\\/lacienciadetusojos.com\\\/index.php\\\/quienes-somos-2\\\/#primaryimage\"},\"image\":{\"@id\":\"https:\\\/\\\/lacienciadetusojos.com\\\/index.php\\\/quienes-somos-2\\\/#primaryimage\"},\"thumbnailUrl\":\"https:\\\/\\\/lacienciadetusojos.com\\\/wp-content\\\/uploads\\\/2024\\\/07\\\/Unknown.jpg\",\"datePublished\":\"2024-07-04T22:20:34+00:00\",\"dateModified\":\"2024-07-20T02:03:13+00:00\",\"breadcrumb\":{\"@id\":\"https:\\\/\\\/lacienciadetusojos.com\\\/index.php\\\/quienes-somos-2\\\/#breadcrumb\"},\"inLanguage\":\"es\",\"potentialAction\":[{\"@type\":\"ReadAction\",\"target\":[\"https:\\\/\\\/lacienciadetusojos.com\\\/index.php\\\/quienes-somos-2\\\/\"]}]},{\"@type\":\"ImageObject\",\"inLanguage\":\"es\",\"@id\":\"https:\\\/\\\/lacienciadetusojos.com\\\/index.php\\\/quienes-somos-2\\\/#primaryimage\",\"url\":\"https:\\\/\\\/lacienciadetusojos.com\\\/wp-content\\\/uploads\\\/2024\\\/07\\\/Unknown.jpg\",\"contentUrl\":\"https:\\\/\\\/lacienciadetusojos.com\\\/wp-content\\\/uploads\\\/2024\\\/07\\\/Unknown.jpg\",\"width\":1068,\"height\":1071},{\"@type\":\"BreadcrumbList\",\"@id\":\"https:\\\/\\\/lacienciadetusojos.com\\\/index.php\\\/quienes-somos-2\\\/#breadcrumb\",\"itemListElement\":[{\"@type\":\"ListItem\",\"position\":1,\"name\":\"Inicio\",\"item\":\"https:\\\/\\\/lacienciadetusojos.com\\\/\"},{\"@type\":\"ListItem\",\"position\":2,\"name\":\"\u00bfQui\u00e9nes somos?\"}]},{\"@type\":\"WebSite\",\"@id\":\"https:\\\/\\\/lacienciadetusojos.com\\\/#website\",\"url\":\"https:\\\/\\\/lacienciadetusojos.com\\\/\",\"name\":\"La ciencia de tus ojos\",\"description\":\"\u00bfNo lo ves claro? Nosotros te ayudamos\",\"publisher\":{\"@id\":\"https:\\\/\\\/lacienciadetusojos.com\\\/#organization\"},\"potentialAction\":[{\"@type\":\"SearchAction\",\"target\":{\"@type\":\"EntryPoint\",\"urlTemplate\":\"https:\\\/\\\/lacienciadetusojos.com\\\/?s={search_term_string}\"},\"query-input\":{\"@type\":\"PropertyValueSpecification\",\"valueRequired\":true,\"valueName\":\"search_term_string\"}}],\"inLanguage\":\"es\"},{\"@type\":\"Organization\",\"@id\":\"https:\\\/\\\/lacienciadetusojos.com\\\/#organization\",\"name\":\"La ciencia de tus ojos\",\"url\":\"https:\\\/\\\/lacienciadetusojos.com\\\/\",\"logo\":{\"@type\":\"ImageObject\",\"inLanguage\":\"es\",\"@id\":\"https:\\\/\\\/lacienciadetusojos.com\\\/#\\\/schema\\\/logo\\\/image\\\/\",\"url\":\"https:\\\/\\\/lacienciadetusojos.com\\\/wp-content\\\/uploads\\\/2024\\\/04\\\/Logo-final-LCDTO-SIN-FONDO.png\",\"contentUrl\":\"https:\\\/\\\/lacienciadetusojos.com\\\/wp-content\\\/uploads\\\/2024\\\/04\\\/Logo-final-LCDTO-SIN-FONDO.png\",\"width\":500,\"height\":500,\"caption\":\"La ciencia de tus ojos\"},\"image\":{\"@id\":\"https:\\\/\\\/lacienciadetusojos.com\\\/#\\\/schema\\\/logo\\\/image\\\/\"},\"sameAs\":[\"https:\\\/\\\/www.facebook.com\\\/profile.php?id=61556950348192&locale=es_LA\"]}]}<\/script>\n<!-- \/ Yoast SEO plugin. -->","yoast_head_json":{"title":"\u00bfQui\u00e9nes somos? - La ciencia de tus ojos","robots":{"index":"index","follow":"follow","max-snippet":"max-snippet:-1","max-image-preview":"max-image-preview:large","max-video-preview":"max-video-preview:-1"},"canonical":"https:\/\/lacienciadetusojos.com\/index.php\/quienes-somos-2\/","og_locale":"es_MX","og_type":"article","og_title":"\u00bfQui\u00e9nes somos? - La ciencia de tus ojos","og_description":"\u00bfQuienes somos? Somos un equipo multidisciplinario compuesto por profesionales de la medicina, biolog\u00eda y qu\u00edmica, cuyo inter\u00e9s radica en la exhaustiva descripci\u00f3n de los mecanismos epigen\u00e9ticos y las barreras que obstaculizan la regeneraci\u00f3n retiniana en mam\u00edferos. Con especial atenci\u00f3n en el papel crucial que desempe\u00f1a la metilaci\u00f3n del ADN en la respuesta al da\u00f1o de [&hellip;]","og_url":"https:\/\/lacienciadetusojos.com\/index.php\/quienes-somos-2\/","og_site_name":"La ciencia de tus ojos","article_publisher":"https:\/\/www.facebook.com\/profile.php?id=61556950348192&locale=es_LA","article_modified_time":"2024-07-20T02:03:13+00:00","og_image":[{"url":"https:\/\/lacienciadetusojos.com\/wp-content\/uploads\/2024\/07\/Unknown.jpg","type":"","width":"","height":""}],"twitter_card":"summary_large_image","twitter_misc":{"Tiempo de lectura":"2 minutos"},"schema":{"@context":"https:\/\/schema.org","@graph":[{"@type":"WebPage","@id":"https:\/\/lacienciadetusojos.com\/index.php\/quienes-somos-2\/","url":"https:\/\/lacienciadetusojos.com\/index.php\/quienes-somos-2\/","name":"\u00bfQui\u00e9nes somos? - La ciencia de tus ojos","isPartOf":{"@id":"https:\/\/lacienciadetusojos.com\/#website"},"primaryImageOfPage":{"@id":"https:\/\/lacienciadetusojos.com\/index.php\/quienes-somos-2\/#primaryimage"},"image":{"@id":"https:\/\/lacienciadetusojos.com\/index.php\/quienes-somos-2\/#primaryimage"},"thumbnailUrl":"https:\/\/lacienciadetusojos.com\/wp-content\/uploads\/2024\/07\/Unknown.jpg","datePublished":"2024-07-04T22:20:34+00:00","dateModified":"2024-07-20T02:03:13+00:00","breadcrumb":{"@id":"https:\/\/lacienciadetusojos.com\/index.php\/quienes-somos-2\/#breadcrumb"},"inLanguage":"es","potentialAction":[{"@type":"ReadAction","target":["https:\/\/lacienciadetusojos.com\/index.php\/quienes-somos-2\/"]}]},{"@type":"ImageObject","inLanguage":"es","@id":"https:\/\/lacienciadetusojos.com\/index.php\/quienes-somos-2\/#primaryimage","url":"https:\/\/lacienciadetusojos.com\/wp-content\/uploads\/2024\/07\/Unknown.jpg","contentUrl":"https:\/\/lacienciadetusojos.com\/wp-content\/uploads\/2024\/07\/Unknown.jpg","width":1068,"height":1071},{"@type":"BreadcrumbList","@id":"https:\/\/lacienciadetusojos.com\/index.php\/quienes-somos-2\/#breadcrumb","itemListElement":[{"@type":"ListItem","position":1,"name":"Inicio","item":"https:\/\/lacienciadetusojos.com\/"},{"@type":"ListItem","position":2,"name":"\u00bfQui\u00e9nes somos?"}]},{"@type":"WebSite","@id":"https:\/\/lacienciadetusojos.com\/#website","url":"https:\/\/lacienciadetusojos.com\/","name":"La ciencia de tus ojos","description":"\u00bfNo lo ves claro? Nosotros te ayudamos","publisher":{"@id":"https:\/\/lacienciadetusojos.com\/#organization"},"potentialAction":[{"@type":"SearchAction","target":{"@type":"EntryPoint","urlTemplate":"https:\/\/lacienciadetusojos.com\/?s={search_term_string}"},"query-input":{"@type":"PropertyValueSpecification","valueRequired":true,"valueName":"search_term_string"}}],"inLanguage":"es"},{"@type":"Organization","@id":"https:\/\/lacienciadetusojos.com\/#organization","name":"La ciencia de tus ojos","url":"https:\/\/lacienciadetusojos.com\/","logo":{"@type":"ImageObject","inLanguage":"es","@id":"https:\/\/lacienciadetusojos.com\/#\/schema\/logo\/image\/","url":"https:\/\/lacienciadetusojos.com\/wp-content\/uploads\/2024\/04\/Logo-final-LCDTO-SIN-FONDO.png","contentUrl":"https:\/\/lacienciadetusojos.com\/wp-content\/uploads\/2024\/04\/Logo-final-LCDTO-SIN-FONDO.png","width":500,"height":500,"caption":"La ciencia de tus ojos"},"image":{"@id":"https:\/\/lacienciadetusojos.com\/#\/schema\/logo\/image\/"},"sameAs":["https:\/\/www.facebook.com\/profile.php?id=61556950348192&locale=es_LA"]}]}},"_links":{"self":[{"href":"https:\/\/lacienciadetusojos.com\/index.php\/wp-json\/wp\/v2\/pages\/577","targetHints":{"allow":["GET"]}}],"collection":[{"href":"https:\/\/lacienciadetusojos.com\/index.php\/wp-json\/wp\/v2\/pages"}],"about":[{"href":"https:\/\/lacienciadetusojos.com\/index.php\/wp-json\/wp\/v2\/types\/page"}],"author":[{"embeddable":true,"href":"https:\/\/lacienciadetusojos.com\/index.php\/wp-json\/wp\/v2\/users\/1"}],"replies":[{"embeddable":true,"href":"https:\/\/lacienciadetusojos.com\/index.php\/wp-json\/wp\/v2\/comments?post=577"}],"version-history":[{"count":19,"href":"https:\/\/lacienciadetusojos.com\/index.php\/wp-json\/wp\/v2\/pages\/577\/revisions"}],"predecessor-version":[{"id":900,"href":"https:\/\/lacienciadetusojos.com\/index.php\/wp-json\/wp\/v2\/pages\/577\/revisions\/900"}],"wp:attachment":[{"href":"https:\/\/lacienciadetusojos.com\/index.php\/wp-json\/wp\/v2\/media?parent=577"}],"curies":[{"name":"wp","href":"https:\/\/api.w.org\/{rel}","templated":true}]}}