{"id":557,"date":"2024-07-04T18:51:52","date_gmt":"2024-07-04T18:51:52","guid":{"rendered":"https:\/\/lacienciadetusojos.com\/?page_id=557"},"modified":"2024-07-30T07:19:54","modified_gmt":"2024-07-30T07:19:54","slug":"la-ciencia-de-tus-lagrimas-elementor","status":"publish","type":"page","link":"https:\/\/lacienciadetusojos.com\/index.php\/la-ciencia-de-tus-lagrimas-elementor\/","title":{"rendered":"La ciencia de tus l\u00e1grimas"},"content":{"rendered":"\t\t<div data-elementor-type=\"wp-page\" data-elementor-id=\"557\" class=\"elementor elementor-557\" data-elementor-post-type=\"page\">\n\t\t\t\t<div class=\"elementor-element elementor-element-0089438 e-flex e-con-boxed e-con e-parent\" data-id=\"0089438\" data-element_type=\"container\" data-e-type=\"container\" data-settings=\"{&quot;background_background&quot;:&quot;classic&quot;}\">\n\t\t\t\t\t<div class=\"e-con-inner\">\n\t\t<div class=\"elementor-element elementor-element-6bf9caa e-con-full e-flex e-con e-child\" data-id=\"6bf9caa\" data-element_type=\"container\" data-e-type=\"container\" data-settings=\"{&quot;background_background&quot;:&quot;video&quot;,&quot;background_video_link&quot;:&quot;https:\\\/\\\/lacienciadetusojos.com\\\/wp-content\\\/uploads\\\/2024\\\/07\\\/Diseno-sin-titulo-8.mp4&quot;,&quot;background_play_on_mobile&quot;:&quot;yes&quot;}\">\n\t\t<div class=\"elementor-background-video-container\">\n\t\t\t\t\t\t\t<video class=\"elementor-background-video-hosted\" role=\"presentation\" autoplay muted playsinline loop><\/video>\n\t\t\t\t\t<\/div>\t\t<div class=\"elementor-element elementor-element-e71b2a7 elementor-widget elementor-widget-heading\" data-id=\"e71b2a7\" data-element_type=\"widget\" data-e-type=\"widget\" data-widget_type=\"heading.default\">\n\t\t\t\t<div class=\"elementor-widget-container\">\n\t\t\t\t\t<h2 class=\"elementor-heading-title elementor-size-default\">La ciencia de<\/h2>\t\t\t\t<\/div>\n\t\t\t\t<\/div>\n\t\t\t\t<div class=\"elementor-element elementor-element-3d988ed elementor-widget elementor-widget-heading\" data-id=\"3d988ed\" data-element_type=\"widget\" data-e-type=\"widget\" data-widget_type=\"heading.default\">\n\t\t\t\t<div class=\"elementor-widget-container\">\n\t\t\t\t\t<h2 class=\"elementor-heading-title elementor-size-default\">tus l\u00e1grimas<\/h2>\t\t\t\t<\/div>\n\t\t\t\t<\/div>\n\t\t\t\t<\/div>\n\t\t\t\t\t<\/div>\n\t\t\t\t<\/div>\n\t\t<div class=\"elementor-element elementor-element-fc3aaa1 e-flex e-con-boxed e-con e-parent\" data-id=\"fc3aaa1\" data-element_type=\"container\" data-e-type=\"container\" data-settings=\"{&quot;background_background&quot;:&quot;classic&quot;}\">\n\t\t\t\t\t<div class=\"e-con-inner\">\n\t\t\t\t<div class=\"elementor-element elementor-element-3cbe944 elementor-widget elementor-widget-spacer\" data-id=\"3cbe944\" data-element_type=\"widget\" data-e-type=\"widget\" data-widget_type=\"spacer.default\">\n\t\t\t\t<div class=\"elementor-widget-container\">\n\t\t\t\t\t\t\t<div class=\"elementor-spacer\">\n\t\t\t<div class=\"elementor-spacer-inner\"><\/div>\n\t\t<\/div>\n\t\t\t\t\t\t<\/div>\n\t\t\t\t<\/div>\n\t\t\t\t<div class=\"elementor-element elementor-element-69a187f elementor-widget elementor-widget-image\" data-id=\"69a187f\" data-element_type=\"widget\" data-e-type=\"widget\" data-widget_type=\"image.default\">\n\t\t\t\t<div class=\"elementor-widget-container\">\n\t\t\t\t\t\t\t\t\t\t\t\t\t\t\t<img fetchpriority=\"high\" decoding=\"async\" width=\"1639\" height=\"2048\" src=\"https:\/\/lacienciadetusojos.com\/wp-content\/uploads\/2024\/07\/434612077_805556374940147_4502188693285829276_n-1.jpeg\" class=\"attachment-full size-full wp-image-683\" alt=\"\" srcset=\"https:\/\/lacienciadetusojos.com\/wp-content\/uploads\/2024\/07\/434612077_805556374940147_4502188693285829276_n-1.jpeg 1639w, https:\/\/lacienciadetusojos.com\/wp-content\/uploads\/2024\/07\/434612077_805556374940147_4502188693285829276_n-1-240x300.jpeg 240w, https:\/\/lacienciadetusojos.com\/wp-content\/uploads\/2024\/07\/434612077_805556374940147_4502188693285829276_n-1-820x1024.jpeg 820w, https:\/\/lacienciadetusojos.com\/wp-content\/uploads\/2024\/07\/434612077_805556374940147_4502188693285829276_n-1-768x960.jpeg 768w, https:\/\/lacienciadetusojos.com\/wp-content\/uploads\/2024\/07\/434612077_805556374940147_4502188693285829276_n-1-1229x1536.jpeg 1229w\" sizes=\"(max-width: 1639px) 100vw, 1639px\" \/>\t\t\t\t\t\t\t\t\t\t\t\t\t\t\t<\/div>\n\t\t\t\t<\/div>\n\t\t\t\t<div class=\"elementor-element elementor-element-cb12e63 elementor-widget elementor-widget-text-editor\" data-id=\"cb12e63\" data-element_type=\"widget\" data-e-type=\"widget\" data-widget_type=\"text-editor.default\">\n\t\t\t\t<div class=\"elementor-widget-container\">\n\t\t\t\t\t\t\t\t\t<p style=\"text-align: center;\">Imagen 1. Infograf\u00eda que resume la composici\u00f3n, los tipos y la generaci\u00f3n de l\u00e1grimas.<\/p><h5 style=\"text-align: center;\"><span style=\"color: #000000;\"><a style=\"color: #000000;\" href=\"https:\/\/www.facebook.com\/photo.php?fbid=805556378273480&amp;set=pb.100064573757561.-2207520000&amp;type=3\">Extra\u00eddo de &#8220;conexi\u00f3n cinvestav&#8221;<\/a><\/span><\/h5><p style=\"text-align: center;\">\u00a0<\/p>\t\t\t\t\t\t\t\t<\/div>\n\t\t\t\t<\/div>\n\t\t\t\t\t<\/div>\n\t\t\t\t<\/div>\n\t\t<div class=\"elementor-element elementor-element-58bfd96 e-flex e-con-boxed e-con e-parent\" data-id=\"58bfd96\" data-element_type=\"container\" data-e-type=\"container\">\n\t\t\t\t\t<div class=\"e-con-inner\">\n\t\t\t\t<div class=\"elementor-element elementor-element-c534027 elementor-widget elementor-widget-spacer\" data-id=\"c534027\" data-element_type=\"widget\" data-e-type=\"widget\" data-widget_type=\"spacer.default\">\n\t\t\t\t<div class=\"elementor-widget-container\">\n\t\t\t\t\t\t\t<div class=\"elementor-spacer\">\n\t\t\t<div class=\"elementor-spacer-inner\"><\/div>\n\t\t<\/div>\n\t\t\t\t\t\t<\/div>\n\t\t\t\t<\/div>\n\t\t\t\t\t<\/div>\n\t\t\t\t<\/div>\n\t\t<div class=\"elementor-element elementor-element-3610ed8 e-flex e-con-boxed e-con e-parent\" data-id=\"3610ed8\" data-element_type=\"container\" data-e-type=\"container\" data-settings=\"{&quot;background_background&quot;:&quot;classic&quot;}\">\n\t\t\t\t\t<div class=\"e-con-inner\">\n\t\t\t\t<div class=\"elementor-element elementor-element-9549c5a elementor-widget elementor-widget-spacer\" data-id=\"9549c5a\" data-element_type=\"widget\" data-e-type=\"widget\" data-widget_type=\"spacer.default\">\n\t\t\t\t<div class=\"elementor-widget-container\">\n\t\t\t\t\t\t\t<div class=\"elementor-spacer\">\n\t\t\t<div class=\"elementor-spacer-inner\"><\/div>\n\t\t<\/div>\n\t\t\t\t\t\t<\/div>\n\t\t\t\t<\/div>\n\t\t\t\t<div class=\"elementor-element elementor-element-42c5dc7 elementor-widget elementor-widget-text-editor\" data-id=\"42c5dc7\" data-element_type=\"widget\" data-e-type=\"widget\" data-widget_type=\"text-editor.default\">\n\t\t\t\t<div class=\"elementor-widget-container\">\n\t\t\t\t\t\t\t\t\t<p>Las l\u00e1grimas son un l\u00edquido biol\u00f3gico que se produce en las gl\u00e1ndulas lacrimales ubicadas en los ojos de los mam\u00edferos. La composici\u00f3n bioqu\u00edmica de las l\u00e1grimas es compleja y diversa, y se divide en tres componentes principales: la capa lip\u00eddica, la capa acuosa y la capa mucinosa. Estos componentes trabajan en conjunto para mantener la salud y proteger la superficie del ojo.\u00a0<\/p><p>\u00a0<\/p><p>\u00a0<\/p><p><img decoding=\"async\" class=\"size-medium wp-image-902 aligncenter\" src=\"https:\/\/lacienciadetusojos.com\/wp-content\/uploads\/2024\/07\/LCDTO-4-300x300.png\" alt=\"\" width=\"300\" height=\"300\" srcset=\"https:\/\/lacienciadetusojos.com\/wp-content\/uploads\/2024\/07\/LCDTO-4-300x300.png 300w, https:\/\/lacienciadetusojos.com\/wp-content\/uploads\/2024\/07\/LCDTO-4-150x150.png 150w, https:\/\/lacienciadetusojos.com\/wp-content\/uploads\/2024\/07\/LCDTO-4.png 500w\" sizes=\"(max-width: 300px) 100vw, 300px\" \/><\/p><p>La capa lip\u00eddica es la m\u00e1s externa de las tres y est\u00e1 compuesta principalmente de l\u00edpidos, que son grasas y aceites. Estos l\u00edpidos son esenciales para evitar la evaporaci\u00f3n excesiva de las l\u00e1grimas y ayudar a que la superficie del ojo se mantenga lubricada. La capa lip\u00eddica se forma a partir de la secreci\u00f3n de gl\u00e1ndulas especializadas llamadas gl\u00e1ndulas de Meibomio, ubicadas en los p\u00e1rpados. Los l\u00edpidos m\u00e1s comunes presentes en esta capa son los triglic\u00e9ridos, fosfol\u00edpidos y colesterol.<\/p><p><img decoding=\"async\" class=\"size-medium wp-image-901 aligncenter\" src=\"https:\/\/lacienciadetusojos.com\/wp-content\/uploads\/2024\/07\/LCDTO-3-300x300.png\" alt=\"\" width=\"300\" height=\"300\" srcset=\"https:\/\/lacienciadetusojos.com\/wp-content\/uploads\/2024\/07\/LCDTO-3-300x300.png 300w, https:\/\/lacienciadetusojos.com\/wp-content\/uploads\/2024\/07\/LCDTO-3-150x150.png 150w, https:\/\/lacienciadetusojos.com\/wp-content\/uploads\/2024\/07\/LCDTO-3.png 500w\" sizes=\"(max-width: 300px) 100vw, 300px\" \/><\/p><p>La capa mucinosa\u00a0 se encuentra en la parte m\u00e1s interna de la pel\u00edcula lagrimal y est\u00e1 compuesta principalmente de mucinas, un tipo especial de glicoprote\u00ednas con funciones espec\u00edficas.<\/p>\t\t\t\t\t\t\t\t<\/div>\n\t\t\t\t<\/div>\n\t\t\t\t<div class=\"elementor-element elementor-element-2484390 elementor-widget elementor-widget-spacer\" data-id=\"2484390\" data-element_type=\"widget\" data-e-type=\"widget\" data-widget_type=\"spacer.default\">\n\t\t\t\t<div class=\"elementor-widget-container\">\n\t\t\t\t\t\t\t<div class=\"elementor-spacer\">\n\t\t\t<div class=\"elementor-spacer-inner\"><\/div>\n\t\t<\/div>\n\t\t\t\t\t\t<\/div>\n\t\t\t\t<\/div>\n\t\t\t\t\t<\/div>\n\t\t\t\t<\/div>\n\t\t\t\t<\/div>\n\t\t","protected":false},"excerpt":{"rendered":"<p>La ciencia de tus l\u00e1grimas Imagen 1. Infograf\u00eda que resume la composici\u00f3n, los tipos y la generaci\u00f3n de l\u00e1grimas. Extra\u00eddo de &#8220;conexi\u00f3n cinvestav&#8221; \u00a0 Las l\u00e1grimas son un l\u00edquido biol\u00f3gico que se produce en las gl\u00e1ndulas lacrimales ubicadas en los ojos de los mam\u00edferos. La composici\u00f3n bioqu\u00edmica de las l\u00e1grimas es compleja y diversa, y [&hellip;]<\/p>\n","protected":false},"author":1,"featured_media":0,"parent":0,"menu_order":0,"comment_status":"closed","ping_status":"closed","template":"","meta":{"_monsterinsights_skip_tracking":false,"_monsterinsights_sitenote_active":false,"_monsterinsights_sitenote_note":"","_monsterinsights_sitenote_category":0,"footnotes":""},"class_list":["post-557","page","type-page","status-publish","hentry"],"yoast_head":"<!-- This site is optimized with the Yoast SEO plugin v27.5 - https:\/\/yoast.com\/product\/yoast-seo-wordpress\/ -->\n<title>La ciencia de tus l\u00e1grimas - La ciencia de tus ojos<\/title>\n<meta name=\"robots\" content=\"index, follow, max-snippet:-1, max-image-preview:large, max-video-preview:-1\" \/>\n<link rel=\"canonical\" href=\"https:\/\/lacienciadetusojos.com\/index.php\/la-ciencia-de-tus-lagrimas-elementor\/\" \/>\n<meta property=\"og:locale\" content=\"es_MX\" \/>\n<meta property=\"og:type\" content=\"article\" \/>\n<meta property=\"og:title\" content=\"La ciencia de tus l\u00e1grimas - La ciencia de tus ojos\" \/>\n<meta property=\"og:description\" content=\"La ciencia de tus l\u00e1grimas Imagen 1. Infograf\u00eda que resume la composici\u00f3n, los tipos y la generaci\u00f3n de l\u00e1grimas. Extra\u00eddo de &#8220;conexi\u00f3n cinvestav&#8221; \u00a0 Las l\u00e1grimas son un l\u00edquido biol\u00f3gico que se produce en las gl\u00e1ndulas lacrimales ubicadas en los ojos de los mam\u00edferos. La composici\u00f3n bioqu\u00edmica de las l\u00e1grimas es compleja y diversa, y [&hellip;]\" \/>\n<meta property=\"og:url\" content=\"https:\/\/lacienciadetusojos.com\/index.php\/la-ciencia-de-tus-lagrimas-elementor\/\" \/>\n<meta property=\"og:site_name\" content=\"La ciencia de tus ojos\" \/>\n<meta property=\"article:publisher\" content=\"https:\/\/www.facebook.com\/profile.php?id=61556950348192&amp;locale=es_LA\" \/>\n<meta property=\"article:modified_time\" content=\"2024-07-30T07:19:54+00:00\" \/>\n<meta property=\"og:image\" content=\"https:\/\/lacienciadetusojos.com\/wp-content\/uploads\/2024\/07\/434612077_805556374940147_4502188693285829276_n-1.jpeg\" \/>\n<meta name=\"twitter:card\" content=\"summary_large_image\" \/>\n<meta name=\"twitter:label1\" content=\"Tiempo de lectura\" \/>\n\t<meta name=\"twitter:data1\" content=\"2 minutos\" \/>\n<script type=\"application\/ld+json\" class=\"yoast-schema-graph\">{\"@context\":\"https:\\\/\\\/schema.org\",\"@graph\":[{\"@type\":\"WebPage\",\"@id\":\"https:\\\/\\\/lacienciadetusojos.com\\\/index.php\\\/la-ciencia-de-tus-lagrimas-elementor\\\/\",\"url\":\"https:\\\/\\\/lacienciadetusojos.com\\\/index.php\\\/la-ciencia-de-tus-lagrimas-elementor\\\/\",\"name\":\"La ciencia de tus l\u00e1grimas - La ciencia de tus ojos\",\"isPartOf\":{\"@id\":\"https:\\\/\\\/lacienciadetusojos.com\\\/#website\"},\"primaryImageOfPage\":{\"@id\":\"https:\\\/\\\/lacienciadetusojos.com\\\/index.php\\\/la-ciencia-de-tus-lagrimas-elementor\\\/#primaryimage\"},\"image\":{\"@id\":\"https:\\\/\\\/lacienciadetusojos.com\\\/index.php\\\/la-ciencia-de-tus-lagrimas-elementor\\\/#primaryimage\"},\"thumbnailUrl\":\"https:\\\/\\\/lacienciadetusojos.com\\\/wp-content\\\/uploads\\\/2024\\\/07\\\/434612077_805556374940147_4502188693285829276_n-1.jpeg\",\"datePublished\":\"2024-07-04T18:51:52+00:00\",\"dateModified\":\"2024-07-30T07:19:54+00:00\",\"breadcrumb\":{\"@id\":\"https:\\\/\\\/lacienciadetusojos.com\\\/index.php\\\/la-ciencia-de-tus-lagrimas-elementor\\\/#breadcrumb\"},\"inLanguage\":\"es\",\"potentialAction\":[{\"@type\":\"ReadAction\",\"target\":[\"https:\\\/\\\/lacienciadetusojos.com\\\/index.php\\\/la-ciencia-de-tus-lagrimas-elementor\\\/\"]}]},{\"@type\":\"ImageObject\",\"inLanguage\":\"es\",\"@id\":\"https:\\\/\\\/lacienciadetusojos.com\\\/index.php\\\/la-ciencia-de-tus-lagrimas-elementor\\\/#primaryimage\",\"url\":\"https:\\\/\\\/lacienciadetusojos.com\\\/wp-content\\\/uploads\\\/2024\\\/07\\\/434612077_805556374940147_4502188693285829276_n-1.jpeg\",\"contentUrl\":\"https:\\\/\\\/lacienciadetusojos.com\\\/wp-content\\\/uploads\\\/2024\\\/07\\\/434612077_805556374940147_4502188693285829276_n-1.jpeg\",\"width\":1639,\"height\":2048,\"caption\":\"Imagen 1. Infograf\u00eda que resume la composici\u00f3n y tipos de l\u00e1grimas\"},{\"@type\":\"BreadcrumbList\",\"@id\":\"https:\\\/\\\/lacienciadetusojos.com\\\/index.php\\\/la-ciencia-de-tus-lagrimas-elementor\\\/#breadcrumb\",\"itemListElement\":[{\"@type\":\"ListItem\",\"position\":1,\"name\":\"Inicio\",\"item\":\"https:\\\/\\\/lacienciadetusojos.com\\\/\"},{\"@type\":\"ListItem\",\"position\":2,\"name\":\"La ciencia de tus l\u00e1grimas\"}]},{\"@type\":\"WebSite\",\"@id\":\"https:\\\/\\\/lacienciadetusojos.com\\\/#website\",\"url\":\"https:\\\/\\\/lacienciadetusojos.com\\\/\",\"name\":\"La ciencia de tus ojos\",\"description\":\"\u00bfNo lo ves claro? Nosotros te ayudamos\",\"publisher\":{\"@id\":\"https:\\\/\\\/lacienciadetusojos.com\\\/#organization\"},\"potentialAction\":[{\"@type\":\"SearchAction\",\"target\":{\"@type\":\"EntryPoint\",\"urlTemplate\":\"https:\\\/\\\/lacienciadetusojos.com\\\/?s={search_term_string}\"},\"query-input\":{\"@type\":\"PropertyValueSpecification\",\"valueRequired\":true,\"valueName\":\"search_term_string\"}}],\"inLanguage\":\"es\"},{\"@type\":\"Organization\",\"@id\":\"https:\\\/\\\/lacienciadetusojos.com\\\/#organization\",\"name\":\"La ciencia de tus ojos\",\"url\":\"https:\\\/\\\/lacienciadetusojos.com\\\/\",\"logo\":{\"@type\":\"ImageObject\",\"inLanguage\":\"es\",\"@id\":\"https:\\\/\\\/lacienciadetusojos.com\\\/#\\\/schema\\\/logo\\\/image\\\/\",\"url\":\"https:\\\/\\\/lacienciadetusojos.com\\\/wp-content\\\/uploads\\\/2024\\\/04\\\/Logo-final-LCDTO-SIN-FONDO.png\",\"contentUrl\":\"https:\\\/\\\/lacienciadetusojos.com\\\/wp-content\\\/uploads\\\/2024\\\/04\\\/Logo-final-LCDTO-SIN-FONDO.png\",\"width\":500,\"height\":500,\"caption\":\"La ciencia de tus ojos\"},\"image\":{\"@id\":\"https:\\\/\\\/lacienciadetusojos.com\\\/#\\\/schema\\\/logo\\\/image\\\/\"},\"sameAs\":[\"https:\\\/\\\/www.facebook.com\\\/profile.php?id=61556950348192&locale=es_LA\"]}]}<\/script>\n<!-- \/ Yoast SEO plugin. -->","yoast_head_json":{"title":"La ciencia de tus l\u00e1grimas - La ciencia de tus ojos","robots":{"index":"index","follow":"follow","max-snippet":"max-snippet:-1","max-image-preview":"max-image-preview:large","max-video-preview":"max-video-preview:-1"},"canonical":"https:\/\/lacienciadetusojos.com\/index.php\/la-ciencia-de-tus-lagrimas-elementor\/","og_locale":"es_MX","og_type":"article","og_title":"La ciencia de tus l\u00e1grimas - La ciencia de tus ojos","og_description":"La ciencia de tus l\u00e1grimas Imagen 1. Infograf\u00eda que resume la composici\u00f3n, los tipos y la generaci\u00f3n de l\u00e1grimas. Extra\u00eddo de &#8220;conexi\u00f3n cinvestav&#8221; \u00a0 Las l\u00e1grimas son un l\u00edquido biol\u00f3gico que se produce en las gl\u00e1ndulas lacrimales ubicadas en los ojos de los mam\u00edferos. La composici\u00f3n bioqu\u00edmica de las l\u00e1grimas es compleja y diversa, y [&hellip;]","og_url":"https:\/\/lacienciadetusojos.com\/index.php\/la-ciencia-de-tus-lagrimas-elementor\/","og_site_name":"La ciencia de tus ojos","article_publisher":"https:\/\/www.facebook.com\/profile.php?id=61556950348192&locale=es_LA","article_modified_time":"2024-07-30T07:19:54+00:00","og_image":[{"url":"https:\/\/lacienciadetusojos.com\/wp-content\/uploads\/2024\/07\/434612077_805556374940147_4502188693285829276_n-1.jpeg","type":"","width":"","height":""}],"twitter_card":"summary_large_image","twitter_misc":{"Tiempo de lectura":"2 minutos"},"schema":{"@context":"https:\/\/schema.org","@graph":[{"@type":"WebPage","@id":"https:\/\/lacienciadetusojos.com\/index.php\/la-ciencia-de-tus-lagrimas-elementor\/","url":"https:\/\/lacienciadetusojos.com\/index.php\/la-ciencia-de-tus-lagrimas-elementor\/","name":"La ciencia de tus l\u00e1grimas - La ciencia de tus ojos","isPartOf":{"@id":"https:\/\/lacienciadetusojos.com\/#website"},"primaryImageOfPage":{"@id":"https:\/\/lacienciadetusojos.com\/index.php\/la-ciencia-de-tus-lagrimas-elementor\/#primaryimage"},"image":{"@id":"https:\/\/lacienciadetusojos.com\/index.php\/la-ciencia-de-tus-lagrimas-elementor\/#primaryimage"},"thumbnailUrl":"https:\/\/lacienciadetusojos.com\/wp-content\/uploads\/2024\/07\/434612077_805556374940147_4502188693285829276_n-1.jpeg","datePublished":"2024-07-04T18:51:52+00:00","dateModified":"2024-07-30T07:19:54+00:00","breadcrumb":{"@id":"https:\/\/lacienciadetusojos.com\/index.php\/la-ciencia-de-tus-lagrimas-elementor\/#breadcrumb"},"inLanguage":"es","potentialAction":[{"@type":"ReadAction","target":["https:\/\/lacienciadetusojos.com\/index.php\/la-ciencia-de-tus-lagrimas-elementor\/"]}]},{"@type":"ImageObject","inLanguage":"es","@id":"https:\/\/lacienciadetusojos.com\/index.php\/la-ciencia-de-tus-lagrimas-elementor\/#primaryimage","url":"https:\/\/lacienciadetusojos.com\/wp-content\/uploads\/2024\/07\/434612077_805556374940147_4502188693285829276_n-1.jpeg","contentUrl":"https:\/\/lacienciadetusojos.com\/wp-content\/uploads\/2024\/07\/434612077_805556374940147_4502188693285829276_n-1.jpeg","width":1639,"height":2048,"caption":"Imagen 1. Infograf\u00eda que resume la composici\u00f3n y tipos de l\u00e1grimas"},{"@type":"BreadcrumbList","@id":"https:\/\/lacienciadetusojos.com\/index.php\/la-ciencia-de-tus-lagrimas-elementor\/#breadcrumb","itemListElement":[{"@type":"ListItem","position":1,"name":"Inicio","item":"https:\/\/lacienciadetusojos.com\/"},{"@type":"ListItem","position":2,"name":"La ciencia de tus l\u00e1grimas"}]},{"@type":"WebSite","@id":"https:\/\/lacienciadetusojos.com\/#website","url":"https:\/\/lacienciadetusojos.com\/","name":"La ciencia de tus ojos","description":"\u00bfNo lo ves claro? Nosotros te ayudamos","publisher":{"@id":"https:\/\/lacienciadetusojos.com\/#organization"},"potentialAction":[{"@type":"SearchAction","target":{"@type":"EntryPoint","urlTemplate":"https:\/\/lacienciadetusojos.com\/?s={search_term_string}"},"query-input":{"@type":"PropertyValueSpecification","valueRequired":true,"valueName":"search_term_string"}}],"inLanguage":"es"},{"@type":"Organization","@id":"https:\/\/lacienciadetusojos.com\/#organization","name":"La ciencia de tus ojos","url":"https:\/\/lacienciadetusojos.com\/","logo":{"@type":"ImageObject","inLanguage":"es","@id":"https:\/\/lacienciadetusojos.com\/#\/schema\/logo\/image\/","url":"https:\/\/lacienciadetusojos.com\/wp-content\/uploads\/2024\/04\/Logo-final-LCDTO-SIN-FONDO.png","contentUrl":"https:\/\/lacienciadetusojos.com\/wp-content\/uploads\/2024\/04\/Logo-final-LCDTO-SIN-FONDO.png","width":500,"height":500,"caption":"La ciencia de tus ojos"},"image":{"@id":"https:\/\/lacienciadetusojos.com\/#\/schema\/logo\/image\/"},"sameAs":["https:\/\/www.facebook.com\/profile.php?id=61556950348192&locale=es_LA"]}]}},"_links":{"self":[{"href":"https:\/\/lacienciadetusojos.com\/index.php\/wp-json\/wp\/v2\/pages\/557","targetHints":{"allow":["GET"]}}],"collection":[{"href":"https:\/\/lacienciadetusojos.com\/index.php\/wp-json\/wp\/v2\/pages"}],"about":[{"href":"https:\/\/lacienciadetusojos.com\/index.php\/wp-json\/wp\/v2\/types\/page"}],"author":[{"embeddable":true,"href":"https:\/\/lacienciadetusojos.com\/index.php\/wp-json\/wp\/v2\/users\/1"}],"replies":[{"embeddable":true,"href":"https:\/\/lacienciadetusojos.com\/index.php\/wp-json\/wp\/v2\/comments?post=557"}],"version-history":[{"count":11,"href":"https:\/\/lacienciadetusojos.com\/index.php\/wp-json\/wp\/v2\/pages\/557\/revisions"}],"predecessor-version":[{"id":1199,"href":"https:\/\/lacienciadetusojos.com\/index.php\/wp-json\/wp\/v2\/pages\/557\/revisions\/1199"}],"wp:attachment":[{"href":"https:\/\/lacienciadetusojos.com\/index.php\/wp-json\/wp\/v2\/media?parent=557"}],"curies":[{"name":"wp","href":"https:\/\/api.w.org\/{rel}","templated":true}]}}