{"id":553,"date":"2024-07-04T18:50:59","date_gmt":"2024-07-04T18:50:59","guid":{"rendered":"https:\/\/lacienciadetusojos.com\/?page_id=553"},"modified":"2024-07-30T10:36:47","modified_gmt":"2024-07-30T10:36:47","slug":"nuestras-actividades-elementor","status":"publish","type":"page","link":"https:\/\/lacienciadetusojos.com\/index.php\/nuestras-actividades-elementor\/","title":{"rendered":"Nuestras actividades"},"content":{"rendered":"\t\t<div data-elementor-type=\"wp-page\" data-elementor-id=\"553\" class=\"elementor elementor-553\" data-elementor-post-type=\"page\">\n\t\t\t\t<div class=\"elementor-element elementor-element-c2f5564 e-flex e-con-boxed e-con e-parent\" data-id=\"c2f5564\" data-element_type=\"container\" data-e-type=\"container\" data-settings=\"{&quot;background_background&quot;:&quot;classic&quot;}\">\n\t\t\t\t\t<div class=\"e-con-inner\">\n\t\t<div class=\"elementor-element elementor-element-c3df3c1 e-con-full e-flex e-con e-child\" data-id=\"c3df3c1\" data-element_type=\"container\" data-e-type=\"container\" data-settings=\"{&quot;background_background&quot;:&quot;video&quot;,&quot;background_video_link&quot;:&quot;https:\\\/\\\/lacienciadetusojos.com\\\/wp-content\\\/uploads\\\/2024\\\/07\\\/Diseno-sin-titulo-9.mp4&quot;,&quot;background_play_on_mobile&quot;:&quot;yes&quot;}\">\n\t\t<div class=\"elementor-background-video-container\">\n\t\t\t\t\t\t\t<video class=\"elementor-background-video-hosted\" role=\"presentation\" autoplay muted playsinline loop><\/video>\n\t\t\t\t\t<\/div>\t\t<div class=\"elementor-element elementor-element-ada183c elementor-widget__width-initial elementor-widget elementor-widget-heading\" data-id=\"ada183c\" data-element_type=\"widget\" data-e-type=\"widget\" data-widget_type=\"heading.default\">\n\t\t\t\t<div class=\"elementor-widget-container\">\n\t\t\t\t\t<h2 class=\"elementor-heading-title elementor-size-default\">Nuestras<\/h2>\t\t\t\t<\/div>\n\t\t\t\t<\/div>\n\t\t\t\t<div class=\"elementor-element elementor-element-4bb40ed elementor-widget elementor-widget-heading\" data-id=\"4bb40ed\" data-element_type=\"widget\" data-e-type=\"widget\" data-widget_type=\"heading.default\">\n\t\t\t\t<div class=\"elementor-widget-container\">\n\t\t\t\t\t<h2 class=\"elementor-heading-title elementor-size-default\">Actividades<\/h2>\t\t\t\t<\/div>\n\t\t\t\t<\/div>\n\t\t\t\t<\/div>\n\t\t\t\t\t<\/div>\n\t\t\t\t<\/div>\n\t\t<div class=\"elementor-element elementor-element-05fc117 e-flex e-con-boxed e-con e-parent\" data-id=\"05fc117\" data-element_type=\"container\" data-e-type=\"container\">\n\t\t\t\t\t<div class=\"e-con-inner\">\n\t\t\t\t<div class=\"elementor-element elementor-element-15dbef1 elementor-widget elementor-widget-spacer\" data-id=\"15dbef1\" data-element_type=\"widget\" data-e-type=\"widget\" data-widget_type=\"spacer.default\">\n\t\t\t\t<div class=\"elementor-widget-container\">\n\t\t\t\t\t\t\t<div class=\"elementor-spacer\">\n\t\t\t<div class=\"elementor-spacer-inner\"><\/div>\n\t\t<\/div>\n\t\t\t\t\t\t<\/div>\n\t\t\t\t<\/div>\n\t\t\t\t\t<\/div>\n\t\t\t\t<\/div>\n\t\t<div class=\"elementor-element elementor-element-56dfd157 e-con-full e-flex e-con e-parent\" data-id=\"56dfd157\" data-element_type=\"container\" data-e-type=\"container\" data-settings=\"{&quot;background_background&quot;:&quot;classic&quot;}\">\n\t\t\t\t<div class=\"elementor-element elementor-element-3dd70802 elementor-cta--skin-cover elementor-cta--valign-bottom elementor-bg-transform elementor-bg-transform-move-up elementor-widget__width-initial elementor-invisible elementor-widget elementor-widget-call-to-action\" data-id=\"3dd70802\" data-element_type=\"widget\" data-e-type=\"widget\" data-settings=\"{&quot;_animation&quot;:&quot;fadeInUp&quot;}\" data-widget_type=\"call-to-action.default\">\n\t\t\t\t<div class=\"elementor-widget-container\">\n\t\t\t\t\t\t\t<div class=\"elementor-cta\">\n\t\t\t\t\t<div class=\"elementor-cta__bg-wrapper\">\n\t\t\t\t<div class=\"elementor-cta__bg elementor-bg\" style=\"background-image: url(https:\/\/lacienciadetusojos.com\/wp-content\/uploads\/2024\/07\/LCDTO-6.png);\" role=\"img\" aria-label=\"LCDTO (6)\"><\/div>\n\t\t\t\t<div class=\"elementor-cta__bg-overlay\"><\/div>\n\t\t\t<\/div>\n\t\t\t\t\t\t\t<div class=\"elementor-cta__content\">\n\t\t\t\t\n\t\t\t\t\t\t\t\t\t<span class=\"elementor-cta__title elementor-cta__content-item elementor-content-item\">\n\t\t\t\t\t\tLa Semana Del Cerebro\t\t\t\t\t<\/span>\n\t\t\t\t\n\t\t\t\t\t\t\t\t\t<div class=\"elementor-cta__description elementor-cta__content-item elementor-content-item\">\n\t\t\t\t\t\tEdici\u00f3n 2024\t\t\t\t\t<\/div>\n\t\t\t\t\n\t\t\t\t\t\t\t\t\t<div class=\"elementor-cta__button-wrapper elementor-cta__content-item elementor-content-item \">\n\t\t\t\t\t<a class=\"elementor-cta__button elementor-button elementor-size-\" href=\"https:\/\/lacienciadetusojos.com\/index.php\/2024\/07\/29\/la-semana-del-cerebro-2024\/\">\n\t\t\t\t\t\tIR\t\t\t\t\t<\/a>\n\t\t\t\t\t<\/div>\n\t\t\t\t\t\t\t<\/div>\n\t\t\t\t\t\t<\/div>\n\t\t\t\t\t\t<\/div>\n\t\t\t\t<\/div>\n\t\t\t\t<div class=\"elementor-element elementor-element-30777571 elementor-cta--skin-cover elementor-cta--valign-bottom elementor-bg-transform elementor-bg-transform-move-up elementor-widget__width-initial elementor-invisible elementor-widget elementor-widget-call-to-action\" data-id=\"30777571\" data-element_type=\"widget\" data-e-type=\"widget\" data-settings=\"{&quot;_animation&quot;:&quot;fadeInUp&quot;,&quot;_animation_delay&quot;:&quot;100&quot;}\" data-widget_type=\"call-to-action.default\">\n\t\t\t\t<div class=\"elementor-widget-container\">\n\t\t\t\t\t\t\t<div class=\"elementor-cta\">\n\t\t\t\t\t<div class=\"elementor-cta__bg-wrapper\">\n\t\t\t\t<div class=\"elementor-cta__bg elementor-bg\" style=\"background-image: url(https:\/\/lacienciadetusojos.com\/wp-content\/uploads\/2024\/07\/13662152_1007261126057976_7992905919111280966_o.jpeg);\" role=\"img\" aria-label=\"13662152_1007261126057976_7992905919111280966_o\"><\/div>\n\t\t\t\t<div class=\"elementor-cta__bg-overlay\"><\/div>\n\t\t\t<\/div>\n\t\t\t\t\t\t\t<div class=\"elementor-cta__content\">\n\t\t\t\t\n\t\t\t\t\t\t\t\t\t<span class=\"elementor-cta__title elementor-cta__content-item elementor-content-item\">\n\t\t\t\t\t\tCharla\u200b\t\t\t\t\t<\/span>\n\t\t\t\t\n\t\t\t\t\t\t\t\t\t<div class=\"elementor-cta__description elementor-cta__content-item elementor-content-item\">\n\t\t\t\t\t\tInstituto de oftalmolog\u00eda Conde de Valenciana<br><br>\t\t\t\t\t<\/div>\n\t\t\t\t\n\t\t\t\t\t\t\t\t\t<div class=\"elementor-cta__button-wrapper elementor-cta__content-item elementor-content-item \">\n\t\t\t\t\t<a class=\"elementor-cta__button elementor-button elementor-size-\">\n\t\t\t\t\t\tIR\t\t\t\t\t<\/a>\n\t\t\t\t\t<\/div>\n\t\t\t\t\t\t\t<\/div>\n\t\t\t\t\t\t<\/div>\n\t\t\t\t\t\t<\/div>\n\t\t\t\t<\/div>\n\t\t\t\t<div class=\"elementor-element elementor-element-7b10ae09 elementor-cta--skin-cover elementor-cta--valign-bottom elementor-bg-transform elementor-bg-transform-move-up elementor-widget__width-initial elementor-invisible elementor-widget elementor-widget-call-to-action\" data-id=\"7b10ae09\" data-element_type=\"widget\" data-e-type=\"widget\" data-settings=\"{&quot;_animation&quot;:&quot;fadeInUp&quot;,&quot;_animation_delay&quot;:&quot;200&quot;}\" data-widget_type=\"call-to-action.default\">\n\t\t\t\t<div class=\"elementor-widget-container\">\n\t\t\t\t\t\t\t<div class=\"elementor-cta\">\n\t\t\t\t\t<div class=\"elementor-cta__bg-wrapper\">\n\t\t\t\t<div class=\"elementor-cta__bg elementor-bg\" style=\"background-image: url(https:\/\/lacienciadetusojos.com\/wp-content\/uploads\/2024\/07\/307984610_466663772165629_7179549188875375897_n.jpeg);\" role=\"img\" aria-label=\"307984610_466663772165629_7179549188875375897_n\"><\/div>\n\t\t\t\t<div class=\"elementor-cta__bg-overlay\"><\/div>\n\t\t\t<\/div>\n\t\t\t\t\t\t\t<div class=\"elementor-cta__content\">\n\t\t\t\t\n\t\t\t\t\t\t\t\t\t<span class=\"elementor-cta__title elementor-cta__content-item elementor-content-item\">\n\t\t\t\t\t\tLXVI congreso nacional\t\t\t\t\t<\/span>\n\t\t\t\t\n\t\t\t\t\t\t\t\t\t<div class=\"elementor-cta__description elementor-cta__content-item elementor-content-item\">\n\t\t\t\t\t\tDe la sociedad mexicana de ciencias fisiol\u00f3gicas<br>\n2023\t\t\t\t\t<\/div>\n\t\t\t\t\n\t\t\t\t\t\t\t\t\t<div class=\"elementor-cta__button-wrapper elementor-cta__content-item elementor-content-item \">\n\t\t\t\t\t<a class=\"elementor-cta__button elementor-button elementor-size-\">\n\t\t\t\t\t\tIR\t\t\t\t\t<\/a>\n\t\t\t\t\t<\/div>\n\t\t\t\t\t\t\t<\/div>\n\t\t\t\t\t\t<\/div>\n\t\t\t\t\t\t<\/div>\n\t\t\t\t<\/div>\n\t\t\t\t<div class=\"elementor-element elementor-element-490489ea elementor-cta--skin-cover elementor-cta--valign-bottom elementor-bg-transform elementor-bg-transform-move-up elementor-widget__width-initial elementor-invisible elementor-widget elementor-widget-call-to-action\" data-id=\"490489ea\" data-element_type=\"widget\" data-e-type=\"widget\" data-settings=\"{&quot;_animation&quot;:&quot;fadeInUp&quot;,&quot;_animation_delay&quot;:&quot;300&quot;}\" data-widget_type=\"call-to-action.default\">\n\t\t\t\t<div class=\"elementor-widget-container\">\n\t\t\t\t\t\t\t<div class=\"elementor-cta\">\n\t\t\t\t\t<div class=\"elementor-cta__bg-wrapper\">\n\t\t\t\t<div class=\"elementor-cta__bg elementor-bg\" style=\"background-image: url(https:\/\/lacienciadetusojos.com\/wp-content\/uploads\/2024\/07\/2.png);\" role=\"img\" aria-label=\"2\"><\/div>\n\t\t\t\t<div class=\"elementor-cta__bg-overlay\"><\/div>\n\t\t\t<\/div>\n\t\t\t\t\t\t\t<div class=\"elementor-cta__content\">\n\t\t\t\t\n\t\t\t\t\t\t\t\t\t<span class=\"elementor-cta__title elementor-cta__content-item elementor-content-item\">\n\t\t\t\t\t\tIBRO\t\t\t\t\t<\/span>\n\t\t\t\t\n\t\t\t\t\t\t\t\t\t<div class=\"elementor-cta__description elementor-cta__content-item elementor-content-item\">\n\t\t\t\t\t\tXI congreso mundial <br>2023\t\t\t\t\t<\/div>\n\t\t\t\t\n\t\t\t\t\t\t\t\t\t<div class=\"elementor-cta__button-wrapper elementor-cta__content-item elementor-content-item \">\n\t\t\t\t\t<a class=\"elementor-cta__button elementor-button elementor-size-\" href=\"https:\/\/lacienciadetusojos.com\/index.php\/2024\/07\/28\/ibro-congreso-xi\/\">\n\t\t\t\t\t\tIR\t\t\t\t\t<\/a>\n\t\t\t\t\t<\/div>\n\t\t\t\t\t\t\t<\/div>\n\t\t\t\t\t\t<\/div>\n\t\t\t\t\t\t<\/div>\n\t\t\t\t<\/div>\n\t\t\t\t<div class=\"elementor-element elementor-element-4be08441 elementor-cta--skin-cover elementor-cta--valign-bottom elementor-bg-transform elementor-bg-transform-move-up elementor-widget__width-initial elementor-invisible elementor-widget elementor-widget-call-to-action\" data-id=\"4be08441\" data-element_type=\"widget\" data-e-type=\"widget\" data-settings=\"{&quot;_animation&quot;:&quot;fadeInUp&quot;,&quot;_animation_delay&quot;:&quot;400&quot;}\" data-widget_type=\"call-to-action.default\">\n\t\t\t\t<div class=\"elementor-widget-container\">\n\t\t\t\t\t\t\t<div class=\"elementor-cta\">\n\t\t\t\t\t<div class=\"elementor-cta__bg-wrapper\">\n\t\t\t\t<div class=\"elementor-cta__bg elementor-bg\" style=\"background-image: url(https:\/\/lacienciadetusojos.com\/wp-content\/uploads\/2024\/02\/Captura-de-Pantalla-2024-02-28-a-las-0.21.06.png);\" role=\"img\" aria-label=\"Captura-de-Pantalla-2024-02-28-a-las-0.21.06\"><\/div>\n\t\t\t\t<div class=\"elementor-cta__bg-overlay\"><\/div>\n\t\t\t<\/div>\n\t\t\t\t\t\t\t<div class=\"elementor-cta__content\">\n\t\t\t\t\n\t\t\t\t\t\t\t\t\t<span class=\"elementor-cta__title elementor-cta__content-item elementor-content-item\">\n\t\t\t\t\t\tSimposio\t\t\t\t\t<\/span>\n\t\t\t\t\n\t\t\t\t\t\t\t\t\t<div class=\"elementor-cta__description elementor-cta__content-item elementor-content-item\">\n\t\t\t\t\t\tSociedad Mexicana Para la Investigaci\u00f3n en C\u00e9lulas Troncales<br>2023\t\t\t\t\t<\/div>\n\t\t\t\t\n\t\t\t\t\t\t\t\t\t<div class=\"elementor-cta__button-wrapper elementor-cta__content-item elementor-content-item \">\n\t\t\t\t\t<a class=\"elementor-cta__button elementor-button elementor-size-\" href=\"https:\/\/lacienciadetusojos.com\/index.php\/2024\/07\/25\/simposio-somicet-2\/\">\n\t\t\t\t\t\tir\t\t\t\t\t<\/a>\n\t\t\t\t\t<\/div>\n\t\t\t\t\t\t\t<\/div>\n\t\t\t\t\t\t<\/div>\n\t\t\t\t\t\t<\/div>\n\t\t\t\t<\/div>\n\t\t\t\t<div class=\"elementor-element elementor-element-43a81123 elementor-cta--skin-cover elementor-cta--valign-bottom elementor-bg-transform elementor-bg-transform-move-up elementor-widget__width-initial elementor-invisible elementor-widget elementor-widget-call-to-action\" data-id=\"43a81123\" data-element_type=\"widget\" data-e-type=\"widget\" data-settings=\"{&quot;_animation&quot;:&quot;fadeInUp&quot;,&quot;_animation_delay&quot;:&quot;500&quot;}\" data-widget_type=\"call-to-action.default\">\n\t\t\t\t<div class=\"elementor-widget-container\">\n\t\t\t\t\t\t\t<div class=\"elementor-cta\">\n\t\t\t\t\t<div class=\"elementor-cta__bg-wrapper\">\n\t\t\t\t<div class=\"elementor-cta__bg elementor-bg\" style=\"background-image: url(https:\/\/lacienciadetusojos.com\/wp-content\/uploads\/2024\/07\/326969350_921809568844895_5656112343778960503_n.jpeg);\" role=\"img\" aria-label=\"326969350_921809568844895_5656112343778960503_n\"><\/div>\n\t\t\t\t<div class=\"elementor-cta__bg-overlay\"><\/div>\n\t\t\t<\/div>\n\t\t\t\t\t\t\t<div class=\"elementor-cta__content\">\n\t\t\t\t\n\t\t\t\t\t\t\t\t\t<span class=\"elementor-cta__title elementor-cta__content-item elementor-content-item\">\n\t\t\t\t\t\tLa semana del cerebro\t\t\t\t\t<\/span>\n\t\t\t\t\n\t\t\t\t\t\t\t\t\t<div class=\"elementor-cta__description elementor-cta__content-item elementor-content-item\">\n\t\t\t\t\t\tEdici\u00f3n 2023\t\t\t\t\t<\/div>\n\t\t\t\t\n\t\t\t\t\t\t\t\t\t<div class=\"elementor-cta__button-wrapper elementor-cta__content-item elementor-content-item \">\n\t\t\t\t\t<a class=\"elementor-cta__button elementor-button elementor-size-\" href=\"https:\/\/lacienciadetusojos.com\/index.php\/2024\/07\/25\/la-semana-del-cerebro-2023\/\">\n\t\t\t\t\t\tir\t\t\t\t\t<\/a>\n\t\t\t\t\t<\/div>\n\t\t\t\t\t\t\t<\/div>\n\t\t\t\t\t\t<\/div>\n\t\t\t\t\t\t<\/div>\n\t\t\t\t<\/div>\n\t\t\t\t<\/div>\n\t\t<div class=\"elementor-element elementor-element-41f2cae e-flex e-con-boxed e-con e-parent\" data-id=\"41f2cae\" data-element_type=\"container\" data-e-type=\"container\">\n\t\t\t\t\t<div class=\"e-con-inner\">\n\t\t\t\t<div class=\"elementor-element elementor-element-e6dd873 elementor-widget elementor-widget-spacer\" data-id=\"e6dd873\" data-element_type=\"widget\" data-e-type=\"widget\" data-widget_type=\"spacer.default\">\n\t\t\t\t<div class=\"elementor-widget-container\">\n\t\t\t\t\t\t\t<div class=\"elementor-spacer\">\n\t\t\t<div class=\"elementor-spacer-inner\"><\/div>\n\t\t<\/div>\n\t\t\t\t\t\t<\/div>\n\t\t\t\t<\/div>\n\t\t\t\t\t<\/div>\n\t\t\t\t<\/div>\n\t\t\t\t<\/div>\n\t\t","protected":false},"excerpt":{"rendered":"<p>Nuestras Actividades La Semana Del Cerebro Edici\u00f3n 2024 IR Charla\u200b Instituto de oftalmolog\u00eda Conde de Valenciana IR LXVI congreso nacional De la sociedad mexicana de ciencias fisiol\u00f3gicas 2023 IR IBRO XI congreso mundial 2023 IR Simposio Sociedad Mexicana Para la Investigaci\u00f3n en C\u00e9lulas Troncales2023 ir La semana del cerebro Edici\u00f3n 2023 ir<\/p>\n","protected":false},"author":1,"featured_media":0,"parent":0,"menu_order":0,"comment_status":"closed","ping_status":"closed","template":"","meta":{"_monsterinsights_skip_tracking":false,"_monsterinsights_sitenote_active":false,"_monsterinsights_sitenote_note":"","_monsterinsights_sitenote_category":0,"footnotes":""},"class_list":["post-553","page","type-page","status-publish","hentry"],"yoast_head":"<!-- This site is optimized with the Yoast SEO plugin v27.5 - https:\/\/yoast.com\/product\/yoast-seo-wordpress\/ -->\n<title>Nuestras actividades - La ciencia de tus ojos<\/title>\n<meta name=\"robots\" content=\"index, follow, max-snippet:-1, max-image-preview:large, max-video-preview:-1\" \/>\n<link rel=\"canonical\" href=\"https:\/\/lacienciadetusojos.com\/index.php\/nuestras-actividades-elementor\/\" \/>\n<meta property=\"og:locale\" content=\"es_MX\" \/>\n<meta property=\"og:type\" content=\"article\" \/>\n<meta property=\"og:title\" content=\"Nuestras actividades - La ciencia de tus ojos\" \/>\n<meta property=\"og:description\" content=\"Nuestras Actividades La Semana Del Cerebro Edici\u00f3n 2024 IR Charla\u200b Instituto de oftalmolog\u00eda Conde de Valenciana IR LXVI congreso nacional De la sociedad mexicana de ciencias fisiol\u00f3gicas 2023 IR IBRO XI congreso mundial 2023 IR Simposio Sociedad Mexicana Para la Investigaci\u00f3n en C\u00e9lulas Troncales2023 ir La semana del cerebro Edici\u00f3n 2023 ir\" \/>\n<meta property=\"og:url\" content=\"https:\/\/lacienciadetusojos.com\/index.php\/nuestras-actividades-elementor\/\" \/>\n<meta property=\"og:site_name\" content=\"La ciencia de tus ojos\" \/>\n<meta property=\"article:publisher\" content=\"https:\/\/www.facebook.com\/profile.php?id=61556950348192&amp;locale=es_LA\" \/>\n<meta property=\"article:modified_time\" content=\"2024-07-30T10:36:47+00:00\" \/>\n<meta name=\"twitter:card\" content=\"summary_large_image\" \/>\n<meta name=\"twitter:label1\" content=\"Tiempo de lectura\" \/>\n\t<meta name=\"twitter:data1\" content=\"1 minuto\" \/>\n<script type=\"application\/ld+json\" class=\"yoast-schema-graph\">{\"@context\":\"https:\\\/\\\/schema.org\",\"@graph\":[{\"@type\":\"WebPage\",\"@id\":\"https:\\\/\\\/lacienciadetusojos.com\\\/index.php\\\/nuestras-actividades-elementor\\\/\",\"url\":\"https:\\\/\\\/lacienciadetusojos.com\\\/index.php\\\/nuestras-actividades-elementor\\\/\",\"name\":\"Nuestras actividades - La ciencia de tus ojos\",\"isPartOf\":{\"@id\":\"https:\\\/\\\/lacienciadetusojos.com\\\/#website\"},\"datePublished\":\"2024-07-04T18:50:59+00:00\",\"dateModified\":\"2024-07-30T10:36:47+00:00\",\"breadcrumb\":{\"@id\":\"https:\\\/\\\/lacienciadetusojos.com\\\/index.php\\\/nuestras-actividades-elementor\\\/#breadcrumb\"},\"inLanguage\":\"es\",\"potentialAction\":[{\"@type\":\"ReadAction\",\"target\":[\"https:\\\/\\\/lacienciadetusojos.com\\\/index.php\\\/nuestras-actividades-elementor\\\/\"]}]},{\"@type\":\"BreadcrumbList\",\"@id\":\"https:\\\/\\\/lacienciadetusojos.com\\\/index.php\\\/nuestras-actividades-elementor\\\/#breadcrumb\",\"itemListElement\":[{\"@type\":\"ListItem\",\"position\":1,\"name\":\"Inicio\",\"item\":\"https:\\\/\\\/lacienciadetusojos.com\\\/\"},{\"@type\":\"ListItem\",\"position\":2,\"name\":\"Nuestras actividades\"}]},{\"@type\":\"WebSite\",\"@id\":\"https:\\\/\\\/lacienciadetusojos.com\\\/#website\",\"url\":\"https:\\\/\\\/lacienciadetusojos.com\\\/\",\"name\":\"La ciencia de tus ojos\",\"description\":\"\u00bfNo lo ves claro? Nosotros te ayudamos\",\"publisher\":{\"@id\":\"https:\\\/\\\/lacienciadetusojos.com\\\/#organization\"},\"potentialAction\":[{\"@type\":\"SearchAction\",\"target\":{\"@type\":\"EntryPoint\",\"urlTemplate\":\"https:\\\/\\\/lacienciadetusojos.com\\\/?s={search_term_string}\"},\"query-input\":{\"@type\":\"PropertyValueSpecification\",\"valueRequired\":true,\"valueName\":\"search_term_string\"}}],\"inLanguage\":\"es\"},{\"@type\":\"Organization\",\"@id\":\"https:\\\/\\\/lacienciadetusojos.com\\\/#organization\",\"name\":\"La ciencia de tus ojos\",\"url\":\"https:\\\/\\\/lacienciadetusojos.com\\\/\",\"logo\":{\"@type\":\"ImageObject\",\"inLanguage\":\"es\",\"@id\":\"https:\\\/\\\/lacienciadetusojos.com\\\/#\\\/schema\\\/logo\\\/image\\\/\",\"url\":\"https:\\\/\\\/lacienciadetusojos.com\\\/wp-content\\\/uploads\\\/2024\\\/04\\\/Logo-final-LCDTO-SIN-FONDO.png\",\"contentUrl\":\"https:\\\/\\\/lacienciadetusojos.com\\\/wp-content\\\/uploads\\\/2024\\\/04\\\/Logo-final-LCDTO-SIN-FONDO.png\",\"width\":500,\"height\":500,\"caption\":\"La ciencia de tus ojos\"},\"image\":{\"@id\":\"https:\\\/\\\/lacienciadetusojos.com\\\/#\\\/schema\\\/logo\\\/image\\\/\"},\"sameAs\":[\"https:\\\/\\\/www.facebook.com\\\/profile.php?id=61556950348192&locale=es_LA\"]}]}<\/script>\n<!-- \/ Yoast SEO plugin. -->","yoast_head_json":{"title":"Nuestras actividades - La ciencia de tus ojos","robots":{"index":"index","follow":"follow","max-snippet":"max-snippet:-1","max-image-preview":"max-image-preview:large","max-video-preview":"max-video-preview:-1"},"canonical":"https:\/\/lacienciadetusojos.com\/index.php\/nuestras-actividades-elementor\/","og_locale":"es_MX","og_type":"article","og_title":"Nuestras actividades - La ciencia de tus ojos","og_description":"Nuestras Actividades La Semana Del Cerebro Edici\u00f3n 2024 IR Charla\u200b Instituto de oftalmolog\u00eda Conde de Valenciana IR LXVI congreso nacional De la sociedad mexicana de ciencias fisiol\u00f3gicas 2023 IR IBRO XI congreso mundial 2023 IR Simposio Sociedad Mexicana Para la Investigaci\u00f3n en C\u00e9lulas Troncales2023 ir La semana del cerebro Edici\u00f3n 2023 ir","og_url":"https:\/\/lacienciadetusojos.com\/index.php\/nuestras-actividades-elementor\/","og_site_name":"La ciencia de tus ojos","article_publisher":"https:\/\/www.facebook.com\/profile.php?id=61556950348192&locale=es_LA","article_modified_time":"2024-07-30T10:36:47+00:00","twitter_card":"summary_large_image","twitter_misc":{"Tiempo de lectura":"1 minuto"},"schema":{"@context":"https:\/\/schema.org","@graph":[{"@type":"WebPage","@id":"https:\/\/lacienciadetusojos.com\/index.php\/nuestras-actividades-elementor\/","url":"https:\/\/lacienciadetusojos.com\/index.php\/nuestras-actividades-elementor\/","name":"Nuestras actividades - La ciencia de tus ojos","isPartOf":{"@id":"https:\/\/lacienciadetusojos.com\/#website"},"datePublished":"2024-07-04T18:50:59+00:00","dateModified":"2024-07-30T10:36:47+00:00","breadcrumb":{"@id":"https:\/\/lacienciadetusojos.com\/index.php\/nuestras-actividades-elementor\/#breadcrumb"},"inLanguage":"es","potentialAction":[{"@type":"ReadAction","target":["https:\/\/lacienciadetusojos.com\/index.php\/nuestras-actividades-elementor\/"]}]},{"@type":"BreadcrumbList","@id":"https:\/\/lacienciadetusojos.com\/index.php\/nuestras-actividades-elementor\/#breadcrumb","itemListElement":[{"@type":"ListItem","position":1,"name":"Inicio","item":"https:\/\/lacienciadetusojos.com\/"},{"@type":"ListItem","position":2,"name":"Nuestras actividades"}]},{"@type":"WebSite","@id":"https:\/\/lacienciadetusojos.com\/#website","url":"https:\/\/lacienciadetusojos.com\/","name":"La ciencia de tus ojos","description":"\u00bfNo lo ves claro? Nosotros te ayudamos","publisher":{"@id":"https:\/\/lacienciadetusojos.com\/#organization"},"potentialAction":[{"@type":"SearchAction","target":{"@type":"EntryPoint","urlTemplate":"https:\/\/lacienciadetusojos.com\/?s={search_term_string}"},"query-input":{"@type":"PropertyValueSpecification","valueRequired":true,"valueName":"search_term_string"}}],"inLanguage":"es"},{"@type":"Organization","@id":"https:\/\/lacienciadetusojos.com\/#organization","name":"La ciencia de tus ojos","url":"https:\/\/lacienciadetusojos.com\/","logo":{"@type":"ImageObject","inLanguage":"es","@id":"https:\/\/lacienciadetusojos.com\/#\/schema\/logo\/image\/","url":"https:\/\/lacienciadetusojos.com\/wp-content\/uploads\/2024\/04\/Logo-final-LCDTO-SIN-FONDO.png","contentUrl":"https:\/\/lacienciadetusojos.com\/wp-content\/uploads\/2024\/04\/Logo-final-LCDTO-SIN-FONDO.png","width":500,"height":500,"caption":"La ciencia de tus ojos"},"image":{"@id":"https:\/\/lacienciadetusojos.com\/#\/schema\/logo\/image\/"},"sameAs":["https:\/\/www.facebook.com\/profile.php?id=61556950348192&locale=es_LA"]}]}},"_links":{"self":[{"href":"https:\/\/lacienciadetusojos.com\/index.php\/wp-json\/wp\/v2\/pages\/553","targetHints":{"allow":["GET"]}}],"collection":[{"href":"https:\/\/lacienciadetusojos.com\/index.php\/wp-json\/wp\/v2\/pages"}],"about":[{"href":"https:\/\/lacienciadetusojos.com\/index.php\/wp-json\/wp\/v2\/types\/page"}],"author":[{"embeddable":true,"href":"https:\/\/lacienciadetusojos.com\/index.php\/wp-json\/wp\/v2\/users\/1"}],"replies":[{"embeddable":true,"href":"https:\/\/lacienciadetusojos.com\/index.php\/wp-json\/wp\/v2\/comments?post=553"}],"version-history":[{"count":23,"href":"https:\/\/lacienciadetusojos.com\/index.php\/wp-json\/wp\/v2\/pages\/553\/revisions"}],"predecessor-version":[{"id":1240,"href":"https:\/\/lacienciadetusojos.com\/index.php\/wp-json\/wp\/v2\/pages\/553\/revisions\/1240"}],"wp:attachment":[{"href":"https:\/\/lacienciadetusojos.com\/index.php\/wp-json\/wp\/v2\/media?parent=553"}],"curies":[{"name":"wp","href":"https:\/\/api.w.org\/{rel}","templated":true}]}}