{"id":1083,"date":"2024-07-29T08:54:24","date_gmt":"2024-07-29T08:54:24","guid":{"rendered":"https:\/\/lacienciadetusojos.com\/?page_id=1083"},"modified":"2026-01-13T21:26:00","modified_gmt":"2026-01-13T21:26:00","slug":"lo-vi-en-el-periodico","status":"publish","type":"page","link":"https:\/\/lacienciadetusojos.com\/index.php\/lo-vi-en-el-periodico\/","title":{"rendered":"Lo v\u00ed en el peri\u00f3dico"},"content":{"rendered":"\t\t<div data-elementor-type=\"wp-page\" data-elementor-id=\"1083\" class=\"elementor elementor-1083\" data-elementor-post-type=\"page\">\n\t\t\t\t<div class=\"elementor-element elementor-element-dfb9567 e-flex e-con-boxed e-con e-parent\" data-id=\"dfb9567\" data-element_type=\"container\" data-e-type=\"container\" data-settings=\"{&quot;background_background&quot;:&quot;classic&quot;}\">\n\t\t\t\t\t<div class=\"e-con-inner\">\n\t\t<div class=\"elementor-element elementor-element-e3820a5 e-con-full e-flex e-con e-child\" data-id=\"e3820a5\" data-element_type=\"container\" data-e-type=\"container\" data-settings=\"{&quot;background_background&quot;:&quot;video&quot;,&quot;background_video_link&quot;:&quot;https:\\\/\\\/lacienciadetusojos.com\\\/wp-content\\\/uploads\\\/2024\\\/07\\\/Diseno-sin-titulo-16.mp4&quot;,&quot;background_play_on_mobile&quot;:&quot;yes&quot;}\">\n\t\t<div class=\"elementor-background-video-container\">\n\t\t\t\t\t\t\t<video class=\"elementor-background-video-hosted\" role=\"presentation\" autoplay muted playsinline loop><\/video>\n\t\t\t\t\t<\/div>\t\t<div class=\"elementor-element elementor-element-db08b9e elementor-widget elementor-widget-heading\" data-id=\"db08b9e\" data-element_type=\"widget\" data-e-type=\"widget\" data-widget_type=\"heading.default\">\n\t\t\t\t<div class=\"elementor-widget-container\">\n\t\t\t\t\t<h2 class=\"elementor-heading-title elementor-size-default\">Lo vi en el peri\u00f3dico<\/h2>\t\t\t\t<\/div>\n\t\t\t\t<\/div>\n\t\t\t\t<\/div>\n\t\t\t\t\t<\/div>\n\t\t\t\t<\/div>\n\t\t<div class=\"elementor-element elementor-element-4a3fc30 e-flex e-con-boxed e-con e-parent\" data-id=\"4a3fc30\" data-element_type=\"container\" data-e-type=\"container\" data-settings=\"{&quot;background_background&quot;:&quot;classic&quot;}\">\n\t\t\t\t\t<div class=\"e-con-inner\">\n\t\t\t\t<div class=\"elementor-element elementor-element-b56a924 elementor-cta--skin-cover elementor-bg-transform elementor-bg-transform-move-down elementor-animated-content elementor-widget elementor-widget-call-to-action\" data-id=\"b56a924\" data-element_type=\"widget\" data-e-type=\"widget\" data-widget_type=\"call-to-action.default\">\n\t\t\t\t<div class=\"elementor-widget-container\">\n\t\t\t\t\t\t\t<div class=\"elementor-cta\">\n\t\t\t\t\t<div class=\"elementor-cta__bg-wrapper\">\n\t\t\t\t<div class=\"elementor-cta__bg elementor-bg\" style=\"background-image: url(https:\/\/lacienciadetusojos.com\/wp-content\/uploads\/2024\/07\/Agregar-un-titulo-3.png);\" role=\"img\" aria-label=\"Agregar un ti\u0301tulo (3)\"><\/div>\n\t\t\t\t<div class=\"elementor-cta__bg-overlay\"><\/div>\n\t\t\t<\/div>\n\t\t\t\t\t\t\t<div class=\"elementor-cta__content\">\n\t\t\t\t\n\t\t\t\t\t\t\t\t\t<h2 class=\"elementor-cta__title elementor-cta__content-item elementor-content-item elementor-animated-item--grow\">\n\t\t\t\t\t\t\u00a1Aqu\u00ed encontraras art\u00edculos interesantes!\t\t\t\t\t<\/h2>\n\t\t\t\t\n\t\t\t\t\t\t\t\t\t<div class=\"elementor-cta__description elementor-cta__content-item elementor-content-item elementor-animated-item--grow\">\n\t\t\t\t\t\tEl equipo de la ciencia de tus ojos ha creado este espacio para ti. \t\t\t\t\t<\/div>\n\t\t\t\t\n\t\t\t\t\t\t\t<\/div>\n\t\t\t\t\t\t<\/div>\n\t\t\t\t\t\t<\/div>\n\t\t\t\t<\/div>\n\t\t\t\t\t<\/div>\n\t\t\t\t<\/div>\n\t\t<div class=\"elementor-element elementor-element-c1b6d02 e-flex e-con-boxed e-con e-parent\" data-id=\"c1b6d02\" data-element_type=\"container\" data-e-type=\"container\" data-settings=\"{&quot;background_background&quot;:&quot;classic&quot;}\">\n\t\t\t\t\t<div class=\"e-con-inner\">\n\t\t\t\t<div class=\"elementor-element elementor-element-5700846 elementor-widget elementor-widget-text-editor\" data-id=\"5700846\" data-element_type=\"widget\" data-e-type=\"widget\" data-widget_type=\"text-editor.default\">\n\t\t\t\t<div class=\"elementor-widget-container\">\n\t\t\t\t\t\t\t\t\t<p>Este espacio esta destinado a traerte peri\u00f3dicamente temas relacionados con el sentido de la visi\u00f3n y sus elementos, tanto fisiol\u00f3gicos y f\u00edsicos, que podr\u00edan ser de tu inter\u00e9s.\u00a0<\/p><p>Tambi\u00e9n podr\u00e1s ir m\u00e1s all\u00e1 y ser parte activa de nuestra comunidad generando preguntas u opiniones que estaremos gustosos en leer y responder.\u00a0<\/p>\t\t\t\t\t\t\t\t<\/div>\n\t\t\t\t<\/div>\n\t\t\t\t\t<\/div>\n\t\t\t\t<\/div>\n\t\t<div class=\"elementor-element elementor-element-0749f94 e-flex e-con-boxed e-con e-parent\" data-id=\"0749f94\" data-element_type=\"container\" data-e-type=\"container\" data-settings=\"{&quot;background_background&quot;:&quot;classic&quot;}\">\n\t\t\t\t\t<div class=\"e-con-inner\">\n\t\t\t\t<div class=\"elementor-element elementor-element-9a237c1 elementor-widget-divider--view-line elementor-widget elementor-widget-divider\" data-id=\"9a237c1\" data-element_type=\"widget\" data-e-type=\"widget\" data-widget_type=\"divider.default\">\n\t\t\t\t<div class=\"elementor-widget-container\">\n\t\t\t\t\t\t\t<div class=\"elementor-divider\">\n\t\t\t<span class=\"elementor-divider-separator\">\n\t\t\t\t\t\t<\/span>\n\t\t<\/div>\n\t\t\t\t\t\t<\/div>\n\t\t\t\t<\/div>\n\t\t\t\t\t<\/div>\n\t\t\t\t<\/div>\n\t\t<div class=\"elementor-element elementor-element-f588022 e-flex e-con-boxed e-con e-parent\" data-id=\"f588022\" data-element_type=\"container\" data-e-type=\"container\" data-settings=\"{&quot;background_background&quot;:&quot;classic&quot;}\">\n\t\t\t\t\t<div class=\"e-con-inner\">\n\t\t\t\t<div class=\"elementor-element elementor-element-693f4e2 elementor-cta--skin-classic elementor-animated-content elementor-bg-transform elementor-bg-transform-zoom-in elementor-widget elementor-widget-call-to-action\" data-id=\"693f4e2\" data-element_type=\"widget\" data-e-type=\"widget\" data-widget_type=\"call-to-action.default\">\n\t\t\t\t<div class=\"elementor-widget-container\">\n\t\t\t\t\t\t\t<div class=\"elementor-cta\">\n\t\t\t\t\t<div class=\"elementor-cta__bg-wrapper\">\n\t\t\t\t<div class=\"elementor-cta__bg elementor-bg\" style=\"background-image: url(https:\/\/lacienciadetusojos.com\/wp-content\/uploads\/2024\/07\/Agregar-un-titulo-4.png);\" role=\"img\" aria-label=\"Agregar un ti\u0301tulo (4)\"><\/div>\n\t\t\t\t<div class=\"elementor-cta__bg-overlay\"><\/div>\n\t\t\t<\/div>\n\t\t\t\t\t\t\t<div class=\"elementor-cta__content\">\n\t\t\t\t\n\t\t\t\t\t\t\t\t\t<h2 class=\"elementor-cta__title elementor-cta__content-item elementor-content-item\">\n\t\t\t\t\t\t\u00a1Un peligro a la vista!\t\t\t\t\t<\/h2>\n\t\t\t\t\n\t\t\t\t\t\t\t\t\t<div class=\"elementor-cta__description elementor-cta__content-item elementor-content-item\">\n\t\t\t\t\t\t\u00bfAlguna vez te han recomendado un remedio para alguna afecci\u00f3n en los ojos?<br> \n\nSi es as\u00ed, te alentamos a ser precavido con lo que pones sobre ellos. En esta entrega de \"Lo vi en el peri\u00f3dico\" te contamos como puedes cuidar tu visi\u00f3n evitando agravar un problema subyacente. <br>\n\n\u00a1La recomendaci\u00f3n de oro siempre ser\u00e1 acudir con un experto!\t\t\t\t\t<\/div>\n\t\t\t\t\n\t\t\t\t\t\t\t\t\t<div class=\"elementor-cta__button-wrapper elementor-cta__content-item elementor-content-item \">\n\t\t\t\t\t<a class=\"elementor-cta__button elementor-button elementor-size-\">\n\t\t\t\t\t\tver\t\t\t\t\t<\/a>\n\t\t\t\t\t<\/div>\n\t\t\t\t\t\t\t<\/div>\n\t\t\t\t\t\t<\/div>\n\t\t\t\t\t\t<\/div>\n\t\t\t\t<\/div>\n\t\t\t\t<div class=\"elementor-element elementor-element-224305f elementor-widget elementor-widget-spacer\" data-id=\"224305f\" data-element_type=\"widget\" data-e-type=\"widget\" data-widget_type=\"spacer.default\">\n\t\t\t\t<div class=\"elementor-widget-container\">\n\t\t\t\t\t\t\t<div class=\"elementor-spacer\">\n\t\t\t<div class=\"elementor-spacer-inner\"><\/div>\n\t\t<\/div>\n\t\t\t\t\t\t<\/div>\n\t\t\t\t<\/div>\n\t\t\t\t\t<\/div>\n\t\t\t\t<\/div>\n\t\t<div class=\"elementor-element elementor-element-b04a03a e-flex e-con-boxed e-con e-parent\" data-id=\"b04a03a\" data-element_type=\"container\" data-e-type=\"container\" data-settings=\"{&quot;background_background&quot;:&quot;classic&quot;}\">\n\t\t\t\t\t<div class=\"e-con-inner\">\n\t\t\t\t<div class=\"elementor-element elementor-element-4af03ac elementor-cta--mobile-layout-image-above elementor-cta--skin-classic elementor-animated-content elementor-bg-transform elementor-bg-transform-zoom-in elementor-widget elementor-widget-call-to-action\" data-id=\"4af03ac\" data-element_type=\"widget\" data-e-type=\"widget\" data-widget_type=\"call-to-action.default\">\n\t\t\t\t<div class=\"elementor-widget-container\">\n\t\t\t\t\t\t\t<div class=\"elementor-cta\">\n\t\t\t\t\t<div class=\"elementor-cta__bg-wrapper\">\n\t\t\t\t<div class=\"elementor-cta__bg elementor-bg\" style=\"background-image: url(https:\/\/lacienciadetusojos.com\/wp-content\/uploads\/2024\/09\/Diseno-sin-titulo-10.png);\" role=\"img\" aria-label=\"Disen\u0303o sin ti\u0301tulo (10)\"><\/div>\n\t\t\t\t<div class=\"elementor-cta__bg-overlay\"><\/div>\n\t\t\t<\/div>\n\t\t\t\t\t\t\t<div class=\"elementor-cta__content\">\n\t\t\t\t\n\t\t\t\t\t\t\t\t\t<h2 class=\"elementor-cta__title elementor-cta__content-item elementor-content-item\">\n\t\t\t\t\t\t\u00a1Est\u00e1n entre nosotros!\t\t\t\t\t<\/h2>\n\t\t\t\t\n\t\t\t\t\t\t\t\t\t<div class=\"elementor-cta__description elementor-cta__content-item elementor-content-item\">\n\t\t\t\t\t\t\u00bfSab\u00edas que una parte considerable de la poblaci\u00f3n mexicana padece de una deficiencia visual?\n\n\nEn este art\u00edculo te contamos sobre las principales causas de este fen\u00f3meno y \u00bfPorqu\u00e9 tu estado de salud puede verse tambi\u00e9n a trav\u00e9s de tus ojos?\nConoce esto y mucho m\u00e1s con tan solo un CLIC\t\t\t\t\t<\/div>\n\t\t\t\t\n\t\t\t\t\t\t\t\t\t<div class=\"elementor-cta__button-wrapper elementor-cta__content-item elementor-content-item \">\n\t\t\t\t\t<a class=\"elementor-cta__button elementor-button elementor-size-\">\n\t\t\t\t\t\tver\t\t\t\t\t<\/a>\n\t\t\t\t\t<\/div>\n\t\t\t\t\t\t\t<\/div>\n\t\t\t\t\t\t<\/div>\n\t\t\t\t\t\t<\/div>\n\t\t\t\t<\/div>\n\t\t\t\t\t<\/div>\n\t\t\t\t<\/div>\n\t\t<div class=\"elementor-element elementor-element-b6404bd e-flex e-con-boxed e-con e-parent\" data-id=\"b6404bd\" data-element_type=\"container\" data-e-type=\"container\" data-settings=\"{&quot;background_background&quot;:&quot;classic&quot;}\">\n\t\t\t\t\t<div class=\"e-con-inner\">\n\t\t\t\t<div class=\"elementor-element elementor-element-83fc7cb elementor-cta--mobile-layout-image-above elementor-cta--skin-classic elementor-animated-content elementor-bg-transform elementor-bg-transform-zoom-in elementor-widget elementor-widget-call-to-action\" data-id=\"83fc7cb\" data-element_type=\"widget\" data-e-type=\"widget\" data-widget_type=\"call-to-action.default\">\n\t\t\t\t<div class=\"elementor-widget-container\">\n\t\t\t\t\t\t\t<div class=\"elementor-cta\">\n\t\t\t\t\t<div class=\"elementor-cta__bg-wrapper\">\n\t\t\t\t<div class=\"elementor-cta__bg elementor-bg\" style=\"background-image: url(https:\/\/lacienciadetusojos.com\/wp-content\/uploads\/2025\/03\/Blue-Wood-1.png);\" role=\"img\" aria-label=\"Blue Wood (1)\"><\/div>\n\t\t\t\t<div class=\"elementor-cta__bg-overlay\"><\/div>\n\t\t\t<\/div>\n\t\t\t\t\t\t\t<div class=\"elementor-cta__content\">\n\t\t\t\t\n\t\t\t\t\t\t\t\t\t<h1 class=\"elementor-cta__title elementor-cta__content-item elementor-content-item\">\n\t\t\t\t\t\tLa terapia g\u00e9nica contra las enfermedades oculares\t\t\t\t\t<\/h1>\n\t\t\t\t\n\t\t\t\t\t\t\t\t\t<div class=\"elementor-cta__description elementor-cta__content-item elementor-content-item\">\n\t\t\t\t\t\t\u00a1Descubre c\u00f3mo la terapia g\u00e9nica est\u00e1 revolucionando el tratamiento de las enfermedades oculares!\t\t\t\t\t<\/div>\n\t\t\t\t\n\t\t\t\t\t\t\t\t\t<div class=\"elementor-cta__button-wrapper elementor-cta__content-item elementor-content-item \">\n\t\t\t\t\t<a class=\"elementor-cta__button elementor-button elementor-size-\" href=\"https:\/\/lacienciadetusojos.com\/index.php\/2025\/03\/09\/elementor-1282-2\/\" target=\"_blank\">\n\t\t\t\t\t\tver\t\t\t\t\t<\/a>\n\t\t\t\t\t<\/div>\n\t\t\t\t\t\t\t<\/div>\n\t\t\t\t\t\t<\/div>\n\t\t\t\t\t\t<\/div>\n\t\t\t\t<\/div>\n\t\t\t\t\t<\/div>\n\t\t\t\t<\/div>\n\t\t<div class=\"elementor-element elementor-element-4b9b8af e-flex e-con-boxed e-con e-parent\" data-id=\"4b9b8af\" data-element_type=\"container\" data-e-type=\"container\" data-settings=\"{&quot;background_background&quot;:&quot;classic&quot;}\">\n\t\t\t\t\t<div class=\"e-con-inner\">\n\t\t\t\t<div class=\"elementor-element elementor-element-1e84cb1 elementor-cta--mobile-layout-image-above elementor-cta--skin-classic elementor-animated-content elementor-bg-transform elementor-bg-transform-zoom-in elementor-widget elementor-widget-call-to-action\" data-id=\"1e84cb1\" data-element_type=\"widget\" data-e-type=\"widget\" data-widget_type=\"call-to-action.default\">\n\t\t\t\t<div class=\"elementor-widget-container\">\n\t\t\t\t\t\t\t<div class=\"elementor-cta\">\n\t\t\t\t\t<div class=\"elementor-cta__bg-wrapper\">\n\t\t\t\t<div class=\"elementor-cta__bg elementor-bg\" style=\"background-image: url(https:\/\/lacienciadetusojos.com\/wp-content\/uploads\/2025\/03\/1984.png);\" role=\"img\" aria-label=\"tfos\"><\/div>\n\t\t\t\t<div class=\"elementor-cta__bg-overlay\"><\/div>\n\t\t\t<\/div>\n\t\t\t\t\t\t\t<div class=\"elementor-cta__content\">\n\t\t\t\t\n\t\t\t\t\t\t\t\t\t<h1 class=\"elementor-cta__title elementor-cta__content-item elementor-content-item\">\n\t\t\t\t\t\tTFOS: una fundacio\u0301n para la educacio\u0301n sobre la salud ocular\t\t\t\t\t<\/h1>\n\t\t\t\t\n\t\t\t\t\t\t\t\t\t<div class=\"elementor-cta__description elementor-cta__content-item elementor-content-item\">\n\t\t\t\t\t\tConoce la propuesta TFOS, fundaci\u00f3n que quiere educar y transformar la salud ocular\t\t\t\t\t<\/div>\n\t\t\t\t\n\t\t\t\t\t\t\t\t\t<div class=\"elementor-cta__button-wrapper elementor-cta__content-item elementor-content-item \">\n\t\t\t\t\t<a class=\"elementor-cta__button elementor-button elementor-size-\" href=\"https:\/\/lacienciadetusojos.com\/index.php\/2025\/03\/10\/tfos-una-fundacion-para-la-educacion-sobre-la-salud-ocular\/\" target=\"_blank\">\n\t\t\t\t\t\tver\t\t\t\t\t<\/a>\n\t\t\t\t\t<\/div>\n\t\t\t\t\t\t\t<\/div>\n\t\t\t\t\t\t<\/div>\n\t\t\t\t\t\t<\/div>\n\t\t\t\t<\/div>\n\t\t\t\t<div class=\"elementor-element elementor-element-bb48c04 elementor-cta--mobile-layout-image-above elementor-cta--skin-classic elementor-animated-content elementor-bg-transform elementor-bg-transform-zoom-in elementor-widget elementor-widget-call-to-action\" data-id=\"bb48c04\" data-element_type=\"widget\" data-e-type=\"widget\" data-widget_type=\"call-to-action.default\">\n\t\t\t\t<div class=\"elementor-widget-container\">\n\t\t\t\t\t\t\t<div class=\"elementor-cta\">\n\t\t\t\t\t<div class=\"elementor-cta__bg-wrapper\">\n\t\t\t\t<div class=\"elementor-cta__bg elementor-bg\" style=\"background-image: url(https:\/\/lacienciadetusojos.com\/wp-content\/uploads\/2026\/01\/1-1.png);\" role=\"img\" aria-label=\"1\"><\/div>\n\t\t\t\t<div class=\"elementor-cta__bg-overlay\"><\/div>\n\t\t\t<\/div>\n\t\t\t\t\t\t\t<div class=\"elementor-cta__content\">\n\t\t\t\t\n\t\t\t\t\t\t\t\t\t<h1 class=\"elementor-cta__title elementor-cta__content-item elementor-content-item\">\n\t\t\t\t\t\tUn peque\u00f1o pez podr\u00eda darnos la clave para restaurar la visi\u00f3n\t\t\t\t\t<\/h1>\n\t\t\t\t\n\t\t\t\t\t\t\t\t\t<div class=\"elementor-cta__description elementor-cta__content-item elementor-content-item\">\n\t\t\t\t\t\tEl pez cebra es un peque\u00f1o esp\u00e9cimen oriundo del sudeste del himlaya que durante a\u00f1os ha cautivado las mentes de muchos investigadores por su formidable capacidad de restaurar la visi\u00f3n. Este peque\u00f1o pez podr\u00eda brindarnos datos cruciales para mejorar los tratamientos existentes y tal vez alg\u00fan d\u00eda restaurar la visi\u00f3n\t\t\t\t\t<\/div>\n\t\t\t\t\n\t\t\t\t\t\t\t\t\t<div class=\"elementor-cta__button-wrapper elementor-cta__content-item elementor-content-item \">\n\t\t\t\t\t<a class=\"elementor-cta__button elementor-button elementor-size-\" href=\"https:\/\/lacienciadetusojos.com\/index.php\/2026\/01\/13\/un-pequeno-pez-podria-darnos-la-clave-para-restaurar-la-vision\/\" target=\"_blank\">\n\t\t\t\t\t\tver\t\t\t\t\t<\/a>\n\t\t\t\t\t<\/div>\n\t\t\t\t\t\t\t<\/div>\n\t\t\t\t\t\t<\/div>\n\t\t\t\t\t\t<\/div>\n\t\t\t\t<\/div>\n\t\t\t\t\t<\/div>\n\t\t\t\t<\/div>\n\t\t\t\t<\/div>\n\t\t","protected":false},"excerpt":{"rendered":"<p>Lo vi en el peri\u00f3dico \u00a1Aqu\u00ed encontraras art\u00edculos interesantes! El equipo de la ciencia de tus ojos ha creado este espacio para ti. Este espacio esta destinado a traerte peri\u00f3dicamente temas relacionados con el sentido de la visi\u00f3n y sus elementos, tanto fisiol\u00f3gicos y f\u00edsicos, que podr\u00edan ser de tu inter\u00e9s.\u00a0 Tambi\u00e9n podr\u00e1s ir m\u00e1s [&hellip;]<\/p>\n","protected":false},"author":1,"featured_media":0,"parent":0,"menu_order":0,"comment_status":"closed","ping_status":"closed","template":"","meta":{"_monsterinsights_skip_tracking":false,"_monsterinsights_sitenote_active":false,"_monsterinsights_sitenote_note":"","_monsterinsights_sitenote_category":0,"footnotes":""},"class_list":["post-1083","page","type-page","status-publish","hentry"],"yoast_head":"<!-- This site is optimized with the Yoast SEO plugin v27.5 - https:\/\/yoast.com\/product\/yoast-seo-wordpress\/ -->\n<title>Lo v\u00ed en el peri\u00f3dico - La ciencia de tus ojos<\/title>\n<meta name=\"robots\" content=\"index, follow, max-snippet:-1, max-image-preview:large, max-video-preview:-1\" \/>\n<link rel=\"canonical\" href=\"https:\/\/lacienciadetusojos.com\/index.php\/lo-vi-en-el-periodico\/\" \/>\n<meta property=\"og:locale\" content=\"es_MX\" \/>\n<meta property=\"og:type\" content=\"article\" \/>\n<meta property=\"og:title\" content=\"Lo v\u00ed en el peri\u00f3dico - La ciencia de tus ojos\" \/>\n<meta property=\"og:description\" content=\"Lo vi en el peri\u00f3dico \u00a1Aqu\u00ed encontraras art\u00edculos interesantes! El equipo de la ciencia de tus ojos ha creado este espacio para ti. Este espacio esta destinado a traerte peri\u00f3dicamente temas relacionados con el sentido de la visi\u00f3n y sus elementos, tanto fisiol\u00f3gicos y f\u00edsicos, que podr\u00edan ser de tu inter\u00e9s.\u00a0 Tambi\u00e9n podr\u00e1s ir m\u00e1s [&hellip;]\" \/>\n<meta property=\"og:url\" content=\"https:\/\/lacienciadetusojos.com\/index.php\/lo-vi-en-el-periodico\/\" \/>\n<meta property=\"og:site_name\" content=\"La ciencia de tus ojos\" \/>\n<meta property=\"article:publisher\" content=\"https:\/\/www.facebook.com\/profile.php?id=61556950348192&amp;locale=es_LA\" \/>\n<meta property=\"article:modified_time\" content=\"2026-01-13T21:26:00+00:00\" \/>\n<meta name=\"twitter:card\" content=\"summary_large_image\" \/>\n<meta name=\"twitter:label1\" content=\"Tiempo de lectura\" \/>\n\t<meta name=\"twitter:data1\" content=\"2 minutos\" \/>\n<script type=\"application\/ld+json\" class=\"yoast-schema-graph\">{\"@context\":\"https:\\\/\\\/schema.org\",\"@graph\":[{\"@type\":\"WebPage\",\"@id\":\"https:\\\/\\\/lacienciadetusojos.com\\\/index.php\\\/lo-vi-en-el-periodico\\\/\",\"url\":\"https:\\\/\\\/lacienciadetusojos.com\\\/index.php\\\/lo-vi-en-el-periodico\\\/\",\"name\":\"Lo v\u00ed en el peri\u00f3dico - La ciencia de tus ojos\",\"isPartOf\":{\"@id\":\"https:\\\/\\\/lacienciadetusojos.com\\\/#website\"},\"datePublished\":\"2024-07-29T08:54:24+00:00\",\"dateModified\":\"2026-01-13T21:26:00+00:00\",\"breadcrumb\":{\"@id\":\"https:\\\/\\\/lacienciadetusojos.com\\\/index.php\\\/lo-vi-en-el-periodico\\\/#breadcrumb\"},\"inLanguage\":\"es\",\"potentialAction\":[{\"@type\":\"ReadAction\",\"target\":[\"https:\\\/\\\/lacienciadetusojos.com\\\/index.php\\\/lo-vi-en-el-periodico\\\/\"]}]},{\"@type\":\"BreadcrumbList\",\"@id\":\"https:\\\/\\\/lacienciadetusojos.com\\\/index.php\\\/lo-vi-en-el-periodico\\\/#breadcrumb\",\"itemListElement\":[{\"@type\":\"ListItem\",\"position\":1,\"name\":\"Inicio\",\"item\":\"https:\\\/\\\/lacienciadetusojos.com\\\/\"},{\"@type\":\"ListItem\",\"position\":2,\"name\":\"Lo v\u00ed en el peri\u00f3dico\"}]},{\"@type\":\"WebSite\",\"@id\":\"https:\\\/\\\/lacienciadetusojos.com\\\/#website\",\"url\":\"https:\\\/\\\/lacienciadetusojos.com\\\/\",\"name\":\"La ciencia de tus ojos\",\"description\":\"\u00bfNo lo ves claro? Nosotros te ayudamos\",\"publisher\":{\"@id\":\"https:\\\/\\\/lacienciadetusojos.com\\\/#organization\"},\"potentialAction\":[{\"@type\":\"SearchAction\",\"target\":{\"@type\":\"EntryPoint\",\"urlTemplate\":\"https:\\\/\\\/lacienciadetusojos.com\\\/?s={search_term_string}\"},\"query-input\":{\"@type\":\"PropertyValueSpecification\",\"valueRequired\":true,\"valueName\":\"search_term_string\"}}],\"inLanguage\":\"es\"},{\"@type\":\"Organization\",\"@id\":\"https:\\\/\\\/lacienciadetusojos.com\\\/#organization\",\"name\":\"La ciencia de tus ojos\",\"url\":\"https:\\\/\\\/lacienciadetusojos.com\\\/\",\"logo\":{\"@type\":\"ImageObject\",\"inLanguage\":\"es\",\"@id\":\"https:\\\/\\\/lacienciadetusojos.com\\\/#\\\/schema\\\/logo\\\/image\\\/\",\"url\":\"https:\\\/\\\/lacienciadetusojos.com\\\/wp-content\\\/uploads\\\/2024\\\/04\\\/Logo-final-LCDTO-SIN-FONDO.png\",\"contentUrl\":\"https:\\\/\\\/lacienciadetusojos.com\\\/wp-content\\\/uploads\\\/2024\\\/04\\\/Logo-final-LCDTO-SIN-FONDO.png\",\"width\":500,\"height\":500,\"caption\":\"La ciencia de tus ojos\"},\"image\":{\"@id\":\"https:\\\/\\\/lacienciadetusojos.com\\\/#\\\/schema\\\/logo\\\/image\\\/\"},\"sameAs\":[\"https:\\\/\\\/www.facebook.com\\\/profile.php?id=61556950348192&locale=es_LA\"]}]}<\/script>\n<!-- \/ Yoast SEO plugin. -->","yoast_head_json":{"title":"Lo v\u00ed en el peri\u00f3dico - La ciencia de tus ojos","robots":{"index":"index","follow":"follow","max-snippet":"max-snippet:-1","max-image-preview":"max-image-preview:large","max-video-preview":"max-video-preview:-1"},"canonical":"https:\/\/lacienciadetusojos.com\/index.php\/lo-vi-en-el-periodico\/","og_locale":"es_MX","og_type":"article","og_title":"Lo v\u00ed en el peri\u00f3dico - La ciencia de tus ojos","og_description":"Lo vi en el peri\u00f3dico \u00a1Aqu\u00ed encontraras art\u00edculos interesantes! El equipo de la ciencia de tus ojos ha creado este espacio para ti. Este espacio esta destinado a traerte peri\u00f3dicamente temas relacionados con el sentido de la visi\u00f3n y sus elementos, tanto fisiol\u00f3gicos y f\u00edsicos, que podr\u00edan ser de tu inter\u00e9s.\u00a0 Tambi\u00e9n podr\u00e1s ir m\u00e1s [&hellip;]","og_url":"https:\/\/lacienciadetusojos.com\/index.php\/lo-vi-en-el-periodico\/","og_site_name":"La ciencia de tus ojos","article_publisher":"https:\/\/www.facebook.com\/profile.php?id=61556950348192&locale=es_LA","article_modified_time":"2026-01-13T21:26:00+00:00","twitter_card":"summary_large_image","twitter_misc":{"Tiempo de lectura":"2 minutos"},"schema":{"@context":"https:\/\/schema.org","@graph":[{"@type":"WebPage","@id":"https:\/\/lacienciadetusojos.com\/index.php\/lo-vi-en-el-periodico\/","url":"https:\/\/lacienciadetusojos.com\/index.php\/lo-vi-en-el-periodico\/","name":"Lo v\u00ed en el peri\u00f3dico - La ciencia de tus ojos","isPartOf":{"@id":"https:\/\/lacienciadetusojos.com\/#website"},"datePublished":"2024-07-29T08:54:24+00:00","dateModified":"2026-01-13T21:26:00+00:00","breadcrumb":{"@id":"https:\/\/lacienciadetusojos.com\/index.php\/lo-vi-en-el-periodico\/#breadcrumb"},"inLanguage":"es","potentialAction":[{"@type":"ReadAction","target":["https:\/\/lacienciadetusojos.com\/index.php\/lo-vi-en-el-periodico\/"]}]},{"@type":"BreadcrumbList","@id":"https:\/\/lacienciadetusojos.com\/index.php\/lo-vi-en-el-periodico\/#breadcrumb","itemListElement":[{"@type":"ListItem","position":1,"name":"Inicio","item":"https:\/\/lacienciadetusojos.com\/"},{"@type":"ListItem","position":2,"name":"Lo v\u00ed en el peri\u00f3dico"}]},{"@type":"WebSite","@id":"https:\/\/lacienciadetusojos.com\/#website","url":"https:\/\/lacienciadetusojos.com\/","name":"La ciencia de tus ojos","description":"\u00bfNo lo ves claro? Nosotros te ayudamos","publisher":{"@id":"https:\/\/lacienciadetusojos.com\/#organization"},"potentialAction":[{"@type":"SearchAction","target":{"@type":"EntryPoint","urlTemplate":"https:\/\/lacienciadetusojos.com\/?s={search_term_string}"},"query-input":{"@type":"PropertyValueSpecification","valueRequired":true,"valueName":"search_term_string"}}],"inLanguage":"es"},{"@type":"Organization","@id":"https:\/\/lacienciadetusojos.com\/#organization","name":"La ciencia de tus ojos","url":"https:\/\/lacienciadetusojos.com\/","logo":{"@type":"ImageObject","inLanguage":"es","@id":"https:\/\/lacienciadetusojos.com\/#\/schema\/logo\/image\/","url":"https:\/\/lacienciadetusojos.com\/wp-content\/uploads\/2024\/04\/Logo-final-LCDTO-SIN-FONDO.png","contentUrl":"https:\/\/lacienciadetusojos.com\/wp-content\/uploads\/2024\/04\/Logo-final-LCDTO-SIN-FONDO.png","width":500,"height":500,"caption":"La ciencia de tus ojos"},"image":{"@id":"https:\/\/lacienciadetusojos.com\/#\/schema\/logo\/image\/"},"sameAs":["https:\/\/www.facebook.com\/profile.php?id=61556950348192&locale=es_LA"]}]}},"_links":{"self":[{"href":"https:\/\/lacienciadetusojos.com\/index.php\/wp-json\/wp\/v2\/pages\/1083","targetHints":{"allow":["GET"]}}],"collection":[{"href":"https:\/\/lacienciadetusojos.com\/index.php\/wp-json\/wp\/v2\/pages"}],"about":[{"href":"https:\/\/lacienciadetusojos.com\/index.php\/wp-json\/wp\/v2\/types\/page"}],"author":[{"embeddable":true,"href":"https:\/\/lacienciadetusojos.com\/index.php\/wp-json\/wp\/v2\/users\/1"}],"replies":[{"embeddable":true,"href":"https:\/\/lacienciadetusojos.com\/index.php\/wp-json\/wp\/v2\/comments?post=1083"}],"version-history":[{"count":44,"href":"https:\/\/lacienciadetusojos.com\/index.php\/wp-json\/wp\/v2\/pages\/1083\/revisions"}],"predecessor-version":[{"id":1399,"href":"https:\/\/lacienciadetusojos.com\/index.php\/wp-json\/wp\/v2\/pages\/1083\/revisions\/1399"}],"wp:attachment":[{"href":"https:\/\/lacienciadetusojos.com\/index.php\/wp-json\/wp\/v2\/media?parent=1083"}],"curies":[{"name":"wp","href":"https:\/\/api.w.org\/{rel}","templated":true}]}}